{"id":127,"date":"2024-10-22T10:26:07","date_gmt":"2024-10-22T07:26:07","guid":{"rendered":"https:\/\/muovipoli.fi.wwwdev2.kyberjoukot.fi\/?page_id=127"},"modified":"2025-06-26T10:09:51","modified_gmt":"2025-06-26T07:09:51","slug":"new-plastics-center-npc","status":"publish","type":"page","link":"https:\/\/muovipoli.fi\/en\/new-plastics-center-npc\/","title":{"rendered":"New Plastics Center NPC"},"content":{"rendered":"<div class=\"wp-block-cover cover-full cover-inner-contained\" style=\"min-height:400px;aspect-ratio:unset;\"><img loading=\"lazy\" decoding=\"async\" width=\"2667\" height=\"667\" class=\"wp-block-cover__image-background wp-image-39\" alt=\"\" src=\"https:\/\/muovipoli.fi\/wp-content\/uploads\/2024\/10\/muovipoli_NPC_banneri.jpg\" data-object-fit=\"cover\" srcset=\"https:\/\/muovipoli.fi\/wp-content\/uploads\/2024\/10\/muovipoli_NPC_banneri.jpg 2667w, https:\/\/muovipoli.fi\/wp-content\/uploads\/2024\/10\/muovipoli_NPC_banneri-18x5.jpg 18w\" sizes=\"auto, (max-width: 2667px) 100vw, 2667px\" \/><span aria-hidden=\"true\" class=\"wp-block-cover__background has-mp-green-background-color has-background-dim-0 has-background-dim\"><\/span><div class=\"wp-block-cover__inner-container is-layout-constrained wp-block-cover-is-layout-constrained\">\n<div class=\"wp-block-columns columns-npc-header is-layout-flex wp-container-core-columns-is-layout-9d6595d7 wp-block-columns-is-layout-flex\">\n<div class=\"wp-block-column is-vertically-aligned-center is-layout-flow wp-block-column-is-layout-flow\" style=\"flex-basis:50%\">\n<figure class=\"wp-block-image size-large\"><img decoding=\"async\" src=\"https:\/\/muovipoli.fi\/wp-content\/uploads\/2024\/10\/NPC_logo.png\" alt=\"\"\/><\/figure>\n<\/div>\n\n\n\n<div class=\"wp-block-column is-vertically-aligned-center is-layout-flow wp-block-column-is-layout-flow\" style=\"flex-basis:50%\">\n<p>Muovipoli Oy yhteisty\u00f6ss\u00e4 Muoviteollisuus ry:n kanssa k\u00e4ynnisti kev\u00e4\u00e4ll\u00e4 2019 yritysl\u00e4ht\u00f6isen muovien osaamisverkoston, New Plastics Center NPC:n. Se keskittyy biomateriaali-innovaatioiden ja tuotekehityksen edist\u00e4miseen Suomessa sek\u00e4 uusien materiaalien kehitt\u00e4miseen ja k\u00e4ytt\u00f6\u00f6nottoon tarvittavan yhteisty\u00f6n ja verkostoitumisen vahvistamiseen.<\/p>\n<\/div>\n<\/div>\n<\/div><\/div>\n\n\n\n<div style=\"height:5rem\" aria-hidden=\"true\" class=\"wp-block-spacer\"><\/div>\n\n\n\n<div class=\"wp-block-group is-content-justification-space-between is-nowrap is-layout-flex wp-container-core-group-is-layout-0dfbf163 wp-block-group-is-layout-flex\">\n<figure class=\"wp-block-image size-large\"><img decoding=\"async\" src=\"https:\/\/muovipoli.fi\/wp-content\/uploads\/2024\/11\/NPC_logo_small.jpg\" alt=\"\"\/><\/figure>\n\n\n\n<figure class=\"wp-block-image size-large\"><img decoding=\"async\" src=\"https:\/\/muovipoli.fi\/wp-content\/uploads\/2024\/11\/muovipoli_plastlife_logo.png\" alt=\"\"\/><\/figure>\n\n\n\n<figure class=\"wp-block-image size-full\"><img loading=\"lazy\" decoding=\"async\" width=\"571\" height=\"105\" src=\"https:\/\/muovipoli.fi\/wp-content\/uploads\/2024\/11\/muovipoli_EU_logo.jpg\" alt=\"\" class=\"wp-image-778\" srcset=\"https:\/\/muovipoli.fi\/wp-content\/uploads\/2024\/11\/muovipoli_EU_logo.jpg 571w, https:\/\/muovipoli.fi\/wp-content\/uploads\/2024\/11\/muovipoli_EU_logo-18x3.jpg 18w\" sizes=\"auto, (max-width: 571px) 100vw, 571px\" \/><\/figure>\n<\/div>\n\n\n\n<div style=\"height:5rem\" aria-hidden=\"true\" class=\"wp-block-spacer\"><\/div>\n\n\n\n<div class=\"wp-block-cover is-light cover-full cover-inner-contained\"><span aria-hidden=\"true\" class=\"wp-block-cover__background has-mp-blue-background-color has-background-dim-10 has-background-dim\"><\/span><div class=\"wp-block-cover__inner-container is-layout-constrained wp-block-cover-is-layout-constrained\">\n<div style=\"height:5rem\" aria-hidden=\"true\" class=\"wp-block-spacer\"><\/div>\n\n\n\n<h2 class=\"wp-block-heading has-mp-blue-color has-text-color has-link-color wp-elements-ffea4f54119d5b051577560e60c8f0e8\">New Plastics Center NPC vastaa muovihaasteisiin<\/h2>\n\n\n\n<div style=\"height:3rem\" aria-hidden=\"true\" class=\"wp-block-spacer\"><\/div>\n\n\n\n<div class=\"wp-block-columns columns-npc is-layout-flex wp-container-core-columns-is-layout-9d6595d7 wp-block-columns-is-layout-flex\">\n<div class=\"wp-block-column is-layout-flow wp-block-column-is-layout-flow\">\n<h4 class=\"wp-block-heading has-mp-blue-color has-text-color has-link-color wp-elements-80281d3de4500206ff2c499a854b7718\">Verkostoitumisen edist\u00e4minen<\/h4>\n\n\n\n<p>T\u00e4rke\u00e4 osa toimintaa ovat projektissa j\u00e4rjestetyt verkostoitumistapahtumat, jotka ovat koonneet yhteen bio- ja kiertotalousalan toimijoita yrityksist\u00e4 ja tutkimuslaitoksista. Tapahtumista lis\u00e4tietoa t\u00e4\u00e4ll\u00e4.<\/p>\n\n\n\n<p>Seminaarien lis\u00e4ksi on verkostoiduttu alan keskeisten toimijoiden ja muiden Muovitiekartan toteuttajien ja projektien kanssa.<\/p>\n\n\n\n<p>Tutustu viimeisimpiin tapahtumiin alempana.<\/p>\n<\/div>\n\n\n\n<div class=\"wp-block-column is-layout-flow wp-block-column-is-layout-flow\">\n<h4 class=\"wp-block-heading has-mp-blue-color has-text-color has-link-color wp-elements-6df9d060a4421d801bb81bd9d007b4de\">Projektit ja hankkeet<\/h4>\n\n\n\n<p>Toiminnassa on erityisesti keskitetty muoviteollisuuden tutkimus- ja tk-projektien aktivointiin ja k\u00e4ynnist\u00e4miseen. Muovipoli on avustanut projekti-ideoiden hiomisessa ja niiden eteenp\u00e4in viemisess\u00e4 sek\u00e4 auttanut l\u00f6yt\u00e4m\u00e4\u00e4n hankkeille oikeat toteuttajat. Projekti-ideat ovat olleet markkina- ja yritysl\u00e4ht\u00f6isi\u00e4 tuotteiden tutkimus- ja kehitystoimenpiteit\u00e4, tavoitteena kansainv\u00e4liset markkinat. Osarahoitusta yritykset ovat niihin usein hakeneet Business Finlandilta. NPC:n toimintaa jatketaan my\u00f6s osana PlastLIFE-hanketta.<\/p>\n\n\n\n<div class=\"wp-block-buttons is-layout-flex wp-block-buttons-is-layout-flex\">\n<div class=\"wp-block-button\"><a class=\"wp-block-button__link has-npc-pink-background-color has-background wp-element-button\" href=\"https:\/\/muovipoli.fi\/en\/hankkeet\/plastlife\/\">Lue lis\u00e4\u00e4 PlastLIFE-hankkeesta<\/a><\/div>\n<\/div>\n<\/div>\n\n\n\n<div class=\"wp-block-column is-layout-flow wp-block-column-is-layout-flow\">\n<h4 class=\"wp-block-heading has-mp-blue-color has-text-color has-link-color wp-elements-87490b3467b196f15c6335f7109114f2\">Biomateriaalitiedon ker\u00e4\u00e4minen<\/h4>\n\n\n\n<p>Kolmas keskeinen NPC:n teht\u00e4v\u00e4 on ker\u00e4t\u00e4 ja koostaa tietoa uusista biomateriaaleista ja niiden mahdollisuuksista, alan yrityksist\u00e4 sek\u00e4 tutkimusosaamisesta. Muovipoli on ker\u00e4nnyt tietoa bio- ja kierr\u00e4tysmuovien markkinoista, markkinoilla olevista raaka-aineista niin Suomesta kuin Euroopassa, alan uusista innovaatioista ja start-up yrityksist\u00e4 sek\u00e4 tutkimuslaitosten infrasta ja osaamisesta. Tietoa on my\u00f6s v\u00e4litetty eteenp\u00e4in yrityksiin. Muoviteollisuus ry:n kanssa on tehty biomuoviopas yritysten k\u00e4ytt\u00f6\u00f6n.<\/p>\n\n\n\n<div class=\"wp-block-buttons is-layout-flex wp-block-buttons-is-layout-flex\">\n<div class=\"wp-block-button\"><a class=\"wp-block-button__link has-npc-pink-background-color has-background wp-element-button\" href=\"\/wp-content\/uploads\/2024\/11\/Biomuoviopas.pdf\" target=\"_blank\" rel=\"noreferrer noopener\">Tutustu Biomuovi-oppaaseen<\/a><\/div>\n<\/div>\n<\/div>\n<\/div>\n<\/div><\/div>\n\n\n\n<div style=\"height:5rem\" aria-hidden=\"true\" class=\"wp-block-spacer\"><\/div>\n\n\n\n<h2 class=\"wp-block-heading has-mp-blue-color has-text-color has-link-color wp-elements-0e1dacce02df838c79d7eafcfc9aa157\" id=\"npc-events\">Viimeisimm\u00e4t tapahtumat ja seminaarit<\/h2>\n\n\n<div class=\"wp-block-columns columns-npc-events is-layout-flex wp-container-core-columns-is-layout-3 wp-block-columns-is-layout-flex\">\r\n\t\r\n\t\r\n<div class=\"wp-block-column is-layout-flow wp-block-column-is-layout-flow\">\r\n\t<figure class=\"wp-block-image size-full\"><img loading=\"lazy\" decoding=\"async\" width=\"8192\" height=\"5464\" src=\"https:\/\/muovipoli.fi\/wp-content\/uploads\/2026\/02\/1O7A9147.jpg?wsr\" class=\"attachment-post-thumbnail size-post-thumbnail wp-post-image\" alt=\"New Plastics Center NPC -seminaari PlastExpo Nordic 2026 -messuilla\" srcset=\"https:\/\/muovipoli.fi\/wp-content\/uploads\/2026\/02\/1O7A9147.jpg 8192w, https:\/\/muovipoli.fi\/wp-content\/uploads\/2026\/02\/1O7A9147-18x12.jpg 18w\" sizes=\"auto, (max-width: 8192px) 100vw, 8192px\" \/><\/figure>\r\n\t<h5 class=\"wp-block-heading has-mp-blue-color has-text-color has-link-color wp-elements-303d8b362928ae1b18b763cee229da83\">\r\n\t\tNew Plastics Center NPC -seminaari PlastExpo Nordic 2026 -messuilla: Muovien kemiallinen kierr\u00e4tys \u2013 kohti kiertotalouden skaalausta\t<\/h5>\r\n\t<p>\r\n\t\tNew Plastics Center NPC\u00a0-seminaari PlastExpo Nordic 2026 -messuilla j\u00e4rjestet\u00e4\u00e4n keskiviikkona 11.3.2026, kun Muovipoli kokoaa muovien kemiallisen kierr\u00e4tyksen asiantunti...\t\t<\/p>\r\n\t<div class=\"wp-block-buttons is-layout-flex wp-block-buttons-is-layout-flex\">\r\n\t\t<div class=\"wp-block-button\">\r\n\t\t\t<a class=\"wp-block-button__link has-npc-pink-background-color has-background wp-element-button\" href=\"https:\/\/muovipoli.fi\/en\/npc_uutiset\/npc-seminaari-kemiallinen-kierratys-plastexpo-2026\/\">\r\n\t\t\t\tLue lis\u00e4\u00e4\r\n\t\t\t<\/a>\r\n\t\t<\/div>\r\n\t<\/div>\r\n\r\n<\/div>\r\n\r\n\r\n<div class=\"wp-block-column is-layout-flow wp-block-column-is-layout-flow\">\r\n\t<figure class=\"wp-block-image size-full\"><img loading=\"lazy\" decoding=\"async\" width=\"2800\" height=\"900\" src=\"https:\/\/muovipoli.fi\/wp-content\/uploads\/2025\/04\/Ohjelma-ja-tapahtumakuva.jpg?wsr\" class=\"attachment-post-thumbnail size-post-thumbnail wp-post-image\" alt=\"\" srcset=\"https:\/\/muovipoli.fi\/wp-content\/uploads\/2025\/04\/Ohjelma-ja-tapahtumakuva.jpg 2800w, https:\/\/muovipoli.fi\/wp-content\/uploads\/2025\/04\/Ohjelma-ja-tapahtumakuva-18x6.jpg 18w\" sizes=\"auto, (max-width: 2800px) 100vw, 2800px\" \/><\/figure>\r\n\t<h5 class=\"wp-block-heading has-mp-blue-color has-text-color has-link-color wp-elements-303d8b362928ae1b18b763cee229da83\">\r\n\t\tUudet CCU- ja biomuovi-innovaatiot\t<\/h5>\r\n\t<p>\r\n\t\tUudet CCU- ja biomuovi-innovaatiot -seminaari j\u00e4restettiin 13.2.2025 Lahden Tiedepuistossa. Tapahtuma j\u00e4rjestettiin PlastLIFE-hankkeen toimesta ja j\u00e4rjest\u00e4j\u00e4n\u00e4 toimi Muov...\t\t<\/p>\r\n\t<div class=\"wp-block-buttons is-layout-flex wp-block-buttons-is-layout-flex\">\r\n\t\t<div class=\"wp-block-button\">\r\n\t\t\t<a class=\"wp-block-button__link has-npc-pink-background-color has-background wp-element-button\" href=\"https:\/\/muovipoli.fi\/en\/npc_uutiset\/uudet-ccu-ja-biomuovi-innovaatiot\/\">\r\n\t\t\t\tLue lis\u00e4\u00e4\r\n\t\t\t<\/a>\r\n\t\t<\/div>\r\n\t<\/div>\r\n\r\n<\/div>\r\n\r\n\r\n<div class=\"wp-block-column is-layout-flow wp-block-column-is-layout-flow\">\r\n\t<figure class=\"wp-block-image size-full\"><img loading=\"lazy\" decoding=\"async\" width=\"1290\" height=\"716\" src=\"https:\/\/muovipoli.fi\/wp-content\/uploads\/2024\/11\/muovipoli_NPC_seminaari24_iso.jpg?wsr\" class=\"attachment-post-thumbnail size-post-thumbnail wp-post-image\" alt=\"\" srcset=\"https:\/\/muovipoli.fi\/wp-content\/uploads\/2024\/11\/muovipoli_NPC_seminaari24_iso.jpg 1290w, https:\/\/muovipoli.fi\/wp-content\/uploads\/2024\/11\/muovipoli_NPC_seminaari24_iso-18x10.jpg 18w\" sizes=\"auto, (max-width: 1290px) 100vw, 1290px\" \/><\/figure>\r\n\t<h5 class=\"wp-block-heading has-mp-blue-color has-text-color has-link-color wp-elements-303d8b362928ae1b18b763cee229da83\">\r\n\t\tNew Plastics Center NPC-seminaari PlastExpo Nordic 2024-messuilla\t<\/h5>\r\n\t<p>\r\n\t\tMuovipoli kutsuu kaikkia biomuoveista ja uusiutuvista materiaaleista kiinnostuneita New Plastics Center NPC-seminaariin PlastExpo Nordic-messujen avajaisp\u00e4iv\u00e4n\u00e4 13.3.2024...\t\t<\/p>\r\n\t<div class=\"wp-block-buttons is-layout-flex wp-block-buttons-is-layout-flex\">\r\n\t\t<div class=\"wp-block-button\">\r\n\t\t\t<a class=\"wp-block-button__link has-npc-pink-background-color has-background wp-element-button\" href=\"https:\/\/muovipoli.fi\/en\/npc_uutiset\/new-plastics-center-npc-seminaari-plastexpo-nordic-2024-messuilla\/\">\r\n\t\t\t\tLue lis\u00e4\u00e4\r\n\t\t\t<\/a>\r\n\t\t<\/div>\r\n\t<\/div>\r\n\r\n<\/div>\r\n\r\n\r\n<\/div>\n\n\n\n<div style=\"height:5rem\" aria-hidden=\"true\" class=\"wp-block-spacer\"><\/div>\n\n\n\n<div class=\"wp-block-cover is-light cover-full cover-inner-contained cover-muoviplast\"><span aria-hidden=\"true\" class=\"wp-block-cover__background has-mp-blue-background-color has-background-dim-10 has-background-dim\"><\/span><div class=\"wp-block-cover__inner-container is-layout-constrained wp-block-cover-is-layout-constrained\">\n<div class=\"wp-block-columns no-margin is-layout-flex wp-container-core-columns-is-layout-9d6595d7 wp-block-columns-is-layout-flex\">\n<div class=\"wp-block-column is-vertically-aligned-bottom is-layout-flow wp-block-column-is-layout-flow\">\n<figure class=\"wp-block-image size-large\"><img decoding=\"async\" src=\"https:\/\/muovipoli.fi\/wp-content\/uploads\/2024\/11\/muovipoli_muovilehti-kuvat.png\" alt=\"\"\/><\/figure>\n<\/div>\n\n\n\n<div class=\"wp-block-column is-vertically-aligned-center is-layout-flow wp-block-column-is-layout-flow\">\n<h2 class=\"wp-block-heading has-mp-blue-color has-text-color has-link-color wp-elements-2460a580e557436fe5d53b635fc7342d\">Lue New Plastics Center<br>-palstaa Muoviplast-lehdest\u00e4<\/h2>\n\n\n\n<p>MuoviPlast on Suomen ainoa painettu muovialan ammattilehti. NPC-palsta on ollut mukana Muoviplast-lehdess\u00e4 jo numerosta 4\/2019 l\u00e4htien. Voit selailla julkaistuja lehti\u00e4 alla olevasta linkist\u00e4:<\/p>\n\n\n\n<div class=\"wp-block-buttons is-layout-flex wp-block-buttons-is-layout-flex\">\n<div class=\"wp-block-button\"><a class=\"wp-block-button__link has-npc-pink-background-color has-background wp-element-button\" href=\"https:\/\/muoviyhdistys.fi\/muoviplast\/\" target=\"_blank\" rel=\"noreferrer noopener\">Muoviplast-lehdet<\/a><\/div>\n<\/div>\n<\/div>\n<\/div>\n<\/div><\/div>\n\n\n\n<div style=\"height:5rem\" aria-hidden=\"true\" class=\"wp-block-spacer\"><\/div>\n\n\n\n<h2 class=\"wp-block-heading has-mp-blue-color has-text-color has-link-color wp-elements-b479995383c2a3a9455f09e3a540d0f9\">Contacts<\/h2>\n\n\n\n<div style=\"height:3rem\" aria-hidden=\"true\" class=\"wp-block-spacer\"><\/div>\n\n\n\n<div class=\"wp-block-columns columns-contact is-layout-flex wp-container-core-columns-is-layout-9d6595d7 wp-block-columns-is-layout-flex\">\n<div class=\"wp-block-column is-layout-flow wp-block-column-is-layout-flow\">\n<figure class=\"wp-block-image size-full\"><img loading=\"lazy\" decoding=\"async\" width=\"311\" height=\"377\" src=\"https:\/\/muovipoli.fi\/wp-content\/uploads\/2025\/06\/Pertti-Salonen_ap.jpg\" alt=\"Pertti Salonen\" class=\"wp-image-1586\" srcset=\"https:\/\/muovipoli.fi\/wp-content\/uploads\/2025\/06\/Pertti-Salonen_ap.jpg 311w, https:\/\/muovipoli.fi\/wp-content\/uploads\/2025\/06\/Pertti-Salonen_ap-10x12.jpg 10w\" sizes=\"auto, (max-width: 311px) 100vw, 311px\" \/><\/figure>\n\n\n\n<h6 class=\"wp-block-heading\">T&amp;K-PROJEKTIT JA NIIDEN VALMISTELU<\/h6>\n\n\n\n<h4 class=\"wp-block-heading has-mp-blue-color has-text-color has-link-color wp-elements-be9870321f528916f226d9d08db7f6f3\">Pertti Salonen<\/h4>\n\n\n\n<p>Managing Director<br>MSc (Eng), Polymer Engineering <br>and Technology<br>+358 (0)40 558 8210<br>pertti.salonen@muovipoli.fi<\/p>\n<\/div>\n\n\n\n<div class=\"wp-block-column is-layout-flow wp-block-column-is-layout-flow\">\n<figure class=\"wp-block-image size-large\"><img decoding=\"async\" src=\"https:\/\/muovipoli.fi\/wp-content\/uploads\/2024\/11\/ville_leinio_tp.jpg\" alt=\"\"\/><\/figure>\n\n\n\n<h6 class=\"wp-block-heading\">Biomateriaalien testaus ja tutkimus<\/h6>\n\n\n\n<h4 class=\"wp-block-heading has-mp-blue-color has-text-color has-link-color wp-elements-0b75a9c3b454c4678abeb8bc6a6328ca\">Ville Leini\u00f6<\/h4>\n\n\n\n<p>Laboratory Engineer<br>B. Eng., Materials Engineering<br>+358 (0)50 3733 592<br>ville.leinio@muovipoli.fi<\/p>\n<\/div>\n\n\n\n<div class=\"wp-block-column is-layout-flow wp-block-column-is-layout-flow\">\n<figure class=\"wp-block-image size-large\"><img decoding=\"async\" src=\"https:\/\/muovipoli.fi\/wp-content\/uploads\/2024\/11\/jenni_syvanne_ap.jpg\" alt=\"\"\/><\/figure>\n\n\n\n<h6 class=\"wp-block-heading\">Biomateriaalit, tapahtumat<\/h6>\n\n\n\n<h4 class=\"wp-block-heading has-mp-blue-color has-text-color has-link-color wp-elements-904c47697f0ec8b2b7da21aad84cbcba\">Jenni Syv\u00e4nne<\/h4>\n\n\n\n<p>Project Manager<br>M.Sc. (Tech.), Materials Engineering<br>+358 (0)50 374 9906<br>jenni.syvanne@muovipoli.fi<\/p>\n<\/div>\n<\/div>\n\n\n\n<p><\/p>","protected":false},"excerpt":{"rendered":"<p>Viimeisimm\u00e4t tapahtumat ja seminaarit Yhteyshenkil\u00f6t T&amp;K-PROJEKTIT JA NIIDEN VALMISTELU Pertti Salonen ToimitusjohtajaMSc (Eng), Polymer Engineering and Technology+358 (0)40 558 8210pertti.salonen@muovipoli.fi Biomateriaalien testaus ja tutkimus Ville Leini\u00f6 Laboratorioinsin\u00f6\u00f6riIns. (AMK), muovitekniikka+358 (0)50 3733 592ville.leinio@muovipoli.fi Biomateriaalit, tapahtumat Jenni Syv\u00e4nne Projektip\u00e4\u00e4llikk\u00f6DI, materiaalitekniikka+358 (0)50 374 9906jenni.syvanne@muovipoli.fi<\/p>","protected":false},"author":1,"featured_media":0,"parent":0,"menu_order":0,"comment_status":"closed","ping_status":"closed","template":"","meta":{"footnotes":""},"class_list":["post-127","page","type-page","status-publish","hentry"],"yoast_head":"<!-- This site is optimized with the Yoast SEO plugin v27.4 - https:\/\/yoast.com\/product\/yoast-seo-wordpress\/ -->\n<title>New Plastics Center NPC - Muovipoli<\/title>\n<meta name=\"robots\" content=\"index, follow, max-snippet:-1, max-image-preview:large, max-video-preview:-1\" \/>\n<link rel=\"canonical\" href=\"https:\/\/muovipoli.fi\/en\/new-plastics-center-npc\/\" \/>\n<meta property=\"og:locale\" content=\"en_GB\" \/>\n<meta property=\"og:type\" content=\"article\" \/>\n<meta property=\"og:title\" content=\"New Plastics Center NPC - Muovipoli\" \/>\n<meta property=\"og:description\" content=\"Viimeisimm\u00e4t tapahtumat ja seminaarit Yhteyshenkil\u00f6t T&amp;K-PROJEKTIT JA NIIDEN VALMISTELU Pertti Salonen ToimitusjohtajaMSc (Eng), Polymer Engineering and Technology+358 (0)40 558 8210pertti.salonen@muovipoli.fi Biomateriaalien testaus ja tutkimus Ville Leini\u00f6 Laboratorioinsin\u00f6\u00f6riIns. (AMK), muovitekniikka+358 (0)50 3733 592ville.leinio@muovipoli.fi Biomateriaalit, tapahtumat Jenni Syv\u00e4nne Projektip\u00e4\u00e4llikk\u00f6DI, materiaalitekniikka+358 (0)50 374 9906jenni.syvanne@muovipoli.fi\" \/>\n<meta property=\"og:url\" content=\"https:\/\/muovipoli.fi\/en\/new-plastics-center-npc\/\" \/>\n<meta property=\"og:site_name\" content=\"Muovipoli\" \/>\n<meta property=\"article:modified_time\" content=\"2025-06-26T07:09:51+00:00\" \/>\n<meta property=\"og:image\" content=\"https:\/\/muovipoli.fi\/wp-content\/uploads\/2024\/10\/muovipoli_NPC_banneri.jpg?wsr\" \/>\n\t<meta property=\"og:image:width\" content=\"2667\" \/>\n\t<meta property=\"og:image:height\" content=\"667\" \/>\n\t<meta property=\"og:image:type\" content=\"image\/jpeg\" \/>\n<meta name=\"twitter:card\" content=\"summary_large_image\" \/>\n<meta name=\"twitter:label1\" content=\"Estimated reading time\" \/>\n\t<meta name=\"twitter:data1\" content=\"4 minutes\" \/>\n<script type=\"application\/ld+json\" class=\"yoast-schema-graph\">{\"@context\":\"https:\\\/\\\/schema.org\",\"@graph\":[{\"@type\":\"WebPage\",\"@id\":\"https:\\\/\\\/muovipoli.fi\\\/new-plastics-center-npc\\\/\",\"url\":\"https:\\\/\\\/muovipoli.fi\\\/new-plastics-center-npc\\\/\",\"name\":\"New Plastics Center NPC - Muovipoli\",\"isPartOf\":{\"@id\":\"https:\\\/\\\/muovipoli.fi\\\/#website\"},\"primaryImageOfPage\":{\"@id\":\"https:\\\/\\\/muovipoli.fi\\\/new-plastics-center-npc\\\/#primaryimage\"},\"image\":{\"@id\":\"https:\\\/\\\/muovipoli.fi\\\/new-plastics-center-npc\\\/#primaryimage\"},\"thumbnailUrl\":\"https:\\\/\\\/muovipoli.fi\\\/wp-content\\\/uploads\\\/2024\\\/10\\\/muovipoli_NPC_banneri.jpg\",\"datePublished\":\"2024-10-22T07:26:07+00:00\",\"dateModified\":\"2025-06-26T07:09:51+00:00\",\"breadcrumb\":{\"@id\":\"https:\\\/\\\/muovipoli.fi\\\/new-plastics-center-npc\\\/#breadcrumb\"},\"inLanguage\":\"en-GB\",\"potentialAction\":[{\"@type\":\"ReadAction\",\"target\":[\"https:\\\/\\\/muovipoli.fi\\\/new-plastics-center-npc\\\/\"]}]},{\"@type\":\"ImageObject\",\"inLanguage\":\"en-GB\",\"@id\":\"https:\\\/\\\/muovipoli.fi\\\/new-plastics-center-npc\\\/#primaryimage\",\"url\":\"https:\\\/\\\/muovipoli.fi\\\/wp-content\\\/uploads\\\/2024\\\/10\\\/muovipoli_NPC_banneri.jpg\",\"contentUrl\":\"https:\\\/\\\/muovipoli.fi\\\/wp-content\\\/uploads\\\/2024\\\/10\\\/muovipoli_NPC_banneri.jpg\"},{\"@type\":\"BreadcrumbList\",\"@id\":\"https:\\\/\\\/muovipoli.fi\\\/new-plastics-center-npc\\\/#breadcrumb\",\"itemListElement\":[{\"@type\":\"ListItem\",\"position\":1,\"name\":\"Home\",\"item\":\"https:\\\/\\\/muovipoli.fi\\\/\"},{\"@type\":\"ListItem\",\"position\":2,\"name\":\"New Plastics Center NPC\"}]},{\"@type\":\"WebSite\",\"@id\":\"https:\\\/\\\/muovipoli.fi\\\/#website\",\"url\":\"https:\\\/\\\/muovipoli.fi\\\/\",\"name\":\"Muovipoli\",\"description\":\"Huomisen innovaatioita muoveja k\u00e4ytt\u00e4v\u00e4lle teollisuudelle\",\"publisher\":{\"@id\":\"https:\\\/\\\/muovipoli.fi\\\/#organization\"},\"potentialAction\":[{\"@type\":\"SearchAction\",\"target\":{\"@type\":\"EntryPoint\",\"urlTemplate\":\"https:\\\/\\\/muovipoli.fi\\\/?s={search_term_string}\"},\"query-input\":{\"@type\":\"PropertyValueSpecification\",\"valueRequired\":true,\"valueName\":\"search_term_string\"}}],\"inLanguage\":\"en-GB\"},{\"@type\":\"Organization\",\"@id\":\"https:\\\/\\\/muovipoli.fi\\\/#organization\",\"name\":\"Muovipoli\",\"url\":\"https:\\\/\\\/muovipoli.fi\\\/\",\"logo\":{\"@type\":\"ImageObject\",\"inLanguage\":\"en-GB\",\"@id\":\"https:\\\/\\\/muovipoli.fi\\\/#\\\/schema\\\/logo\\\/image\\\/\",\"url\":\"https:\\\/\\\/muovipoli.fi\\\/wp-content\\\/uploads\\\/2024\\\/10\\\/muovipoli_logo.png?wsr\",\"contentUrl\":\"https:\\\/\\\/muovipoli.fi\\\/wp-content\\\/uploads\\\/2024\\\/10\\\/muovipoli_logo.png?wsr\",\"width\":540,\"height\":91,\"caption\":\"Muovipoli\"},\"image\":{\"@id\":\"https:\\\/\\\/muovipoli.fi\\\/#\\\/schema\\\/logo\\\/image\\\/\"}}]}<\/script>\n<!-- \/ Yoast SEO plugin. -->","yoast_head_json":{"title":"New Plastics Center NPC - Muovipoli","robots":{"index":"index","follow":"follow","max-snippet":"max-snippet:-1","max-image-preview":"max-image-preview:large","max-video-preview":"max-video-preview:-1"},"canonical":"https:\/\/muovipoli.fi\/en\/new-plastics-center-npc\/","og_locale":"en_GB","og_type":"article","og_title":"New Plastics Center NPC - Muovipoli","og_description":"Viimeisimm\u00e4t tapahtumat ja seminaarit Yhteyshenkil\u00f6t T&amp;K-PROJEKTIT JA NIIDEN VALMISTELU Pertti Salonen ToimitusjohtajaMSc (Eng), Polymer Engineering and Technology+358 (0)40 558 8210pertti.salonen@muovipoli.fi Biomateriaalien testaus ja tutkimus Ville Leini\u00f6 Laboratorioinsin\u00f6\u00f6riIns. (AMK), muovitekniikka+358 (0)50 3733 592ville.leinio@muovipoli.fi Biomateriaalit, tapahtumat Jenni Syv\u00e4nne Projektip\u00e4\u00e4llikk\u00f6DI, materiaalitekniikka+358 (0)50 374 9906jenni.syvanne@muovipoli.fi","og_url":"https:\/\/muovipoli.fi\/en\/new-plastics-center-npc\/","og_site_name":"Muovipoli","article_modified_time":"2025-06-26T07:09:51+00:00","og_image":[{"width":2667,"height":667,"url":"https:\/\/muovipoli.fi\/wp-content\/uploads\/2024\/10\/muovipoli_NPC_banneri.jpg?wsr","type":"image\/jpeg"}],"twitter_card":"summary_large_image","twitter_misc":{"Estimated reading time":"4 minutes"},"schema":{"@context":"https:\/\/schema.org","@graph":[{"@type":"WebPage","@id":"https:\/\/muovipoli.fi\/new-plastics-center-npc\/","url":"https:\/\/muovipoli.fi\/new-plastics-center-npc\/","name":"New Plastics Center NPC - Muovipoli","isPartOf":{"@id":"https:\/\/muovipoli.fi\/#website"},"primaryImageOfPage":{"@id":"https:\/\/muovipoli.fi\/new-plastics-center-npc\/#primaryimage"},"image":{"@id":"https:\/\/muovipoli.fi\/new-plastics-center-npc\/#primaryimage"},"thumbnailUrl":"https:\/\/muovipoli.fi\/wp-content\/uploads\/2024\/10\/muovipoli_NPC_banneri.jpg","datePublished":"2024-10-22T07:26:07+00:00","dateModified":"2025-06-26T07:09:51+00:00","breadcrumb":{"@id":"https:\/\/muovipoli.fi\/new-plastics-center-npc\/#breadcrumb"},"inLanguage":"en-GB","potentialAction":[{"@type":"ReadAction","target":["https:\/\/muovipoli.fi\/new-plastics-center-npc\/"]}]},{"@type":"ImageObject","inLanguage":"en-GB","@id":"https:\/\/muovipoli.fi\/new-plastics-center-npc\/#primaryimage","url":"https:\/\/muovipoli.fi\/wp-content\/uploads\/2024\/10\/muovipoli_NPC_banneri.jpg","contentUrl":"https:\/\/muovipoli.fi\/wp-content\/uploads\/2024\/10\/muovipoli_NPC_banneri.jpg"},{"@type":"BreadcrumbList","@id":"https:\/\/muovipoli.fi\/new-plastics-center-npc\/#breadcrumb","itemListElement":[{"@type":"ListItem","position":1,"name":"Home","item":"https:\/\/muovipoli.fi\/"},{"@type":"ListItem","position":2,"name":"New Plastics Center NPC"}]},{"@type":"WebSite","@id":"https:\/\/muovipoli.fi\/#website","url":"https:\/\/muovipoli.fi\/","name":"Muovipoli","description":"Huomisen innovaatioita muoveja k\u00e4ytt\u00e4v\u00e4lle teollisuudelle","publisher":{"@id":"https:\/\/muovipoli.fi\/#organization"},"potentialAction":[{"@type":"SearchAction","target":{"@type":"EntryPoint","urlTemplate":"https:\/\/muovipoli.fi\/?s={search_term_string}"},"query-input":{"@type":"PropertyValueSpecification","valueRequired":true,"valueName":"search_term_string"}}],"inLanguage":"en-GB"},{"@type":"Organization","@id":"https:\/\/muovipoli.fi\/#organization","name":"Muovipoli","url":"https:\/\/muovipoli.fi\/","logo":{"@type":"ImageObject","inLanguage":"en-GB","@id":"https:\/\/muovipoli.fi\/#\/schema\/logo\/image\/","url":"https:\/\/muovipoli.fi\/wp-content\/uploads\/2024\/10\/muovipoli_logo.png?wsr","contentUrl":"https:\/\/muovipoli.fi\/wp-content\/uploads\/2024\/10\/muovipoli_logo.png?wsr","width":540,"height":91,"caption":"Muovipoli"},"image":{"@id":"https:\/\/muovipoli.fi\/#\/schema\/logo\/image\/"}}]}},"_links":{"self":[{"href":"https:\/\/muovipoli.fi\/en\/wp-json\/wp\/v2\/pages\/127","targetHints":{"allow":["GET"]}}],"collection":[{"href":"https:\/\/muovipoli.fi\/en\/wp-json\/wp\/v2\/pages"}],"about":[{"href":"https:\/\/muovipoli.fi\/en\/wp-json\/wp\/v2\/types\/page"}],"author":[{"embeddable":true,"href":"https:\/\/muovipoli.fi\/en\/wp-json\/wp\/v2\/users\/1"}],"replies":[{"embeddable":true,"href":"https:\/\/muovipoli.fi\/en\/wp-json\/wp\/v2\/comments?post=127"}],"version-history":[{"count":52,"href":"https:\/\/muovipoli.fi\/en\/wp-json\/wp\/v2\/pages\/127\/revisions"}],"predecessor-version":[{"id":1622,"href":"https:\/\/muovipoli.fi\/en\/wp-json\/wp\/v2\/pages\/127\/revisions\/1622"}],"wp:attachment":[{"href":"https:\/\/muovipoli.fi\/en\/wp-json\/wp\/v2\/media?parent=127"}],"curies":[{"name":"wp","href":"https:\/\/api.w.org\/{rel}","templated":true}]}}