{"id":139,"date":"2024-10-22T10:28:03","date_gmt":"2024-10-22T07:28:03","guid":{"rendered":"https:\/\/muovipoli.fi.wwwdev2.kyberjoukot.fi\/?page_id=139"},"modified":"2025-09-26T09:44:02","modified_gmt":"2025-09-26T06:44:02","slug":"jatti","status":"publish","type":"page","link":"https:\/\/muovipoli.fi\/en\/hankkeet\/jatti\/","title":{"rendered":"J\u00e4tti"},"content":{"rendered":"<div class=\"wp-block-cover cover-full cover-inner-contained\" style=\"min-height:400px;aspect-ratio:unset;\"><span aria-hidden=\"true\" class=\"wp-block-cover__background has-mp-green-background-color has-background-dim-100 has-background-dim\"><\/span><div class=\"wp-block-cover__inner-container is-layout-constrained wp-block-cover-is-layout-constrained\">\n<div class=\"wp-block-columns is-layout-flex wp-container-core-columns-is-layout-9d6595d7 wp-block-columns-is-layout-flex\">\n<div class=\"wp-block-column is-layout-flow wp-block-column-is-layout-flow\" style=\"flex-basis:40%\">\n<h1 class=\"wp-block-heading no-margin\">J\u00e4tti<\/h1>\n\n\n\n<h4 class=\"wp-block-heading\">AIKATAULU 1.11.2022 \u2013 31.3.2025<\/h4>\n<\/div>\n\n\n\n<div class=\"wp-block-column is-layout-flow wp-block-column-is-layout-flow\" style=\"flex-basis:60%\">\n<p>P\u00e4ij\u00e4t-H\u00e4me on edell\u00e4k\u00e4vij\u00e4 j\u00e4tehuollossa ja kierr\u00e4tysraaka-aineiden hy\u00f6dynt\u00e4misess\u00e4. J\u00e4tti-hankkeen tavoitteena on kehitt\u00e4\u00e4 erityisesti Suomessa alihy\u00f6dynnettyjen yhdyskuntaj\u00e4tevirtojen (muovi, huonekalu ja tekstiili) hy\u00f6dynt\u00e4mis- ja liiketoimintamahdollisuuksia ja n\u00e4ihin liittyvi\u00e4 arvoketjuja sek\u00e4 pilotoida korkean jalostusarvon tuotteita.<\/p>\n<\/div>\n<\/div>\n<\/div><\/div>\n\n\n\n<div style=\"height:5rem\" aria-hidden=\"true\" class=\"wp-block-spacer\"><\/div>\n\n\n\n<div class=\"wp-block-group is-content-justification-center is-nowrap is-layout-flex wp-container-core-group-is-layout-94bc23d7 wp-block-group-is-layout-flex\">\n<figure class=\"wp-block-image size-large\"><img decoding=\"async\" src=\"https:\/\/muovipoli.fi\/wp-content\/uploads\/2024\/11\/innokaupungit_logo.jpg\" alt=\"\"\/><\/figure>\n\n\n\n<div style=\"height:100px;width:0px\" aria-hidden=\"true\" class=\"wp-block-spacer wp-container-content-6e7a3b65\"><\/div>\n\n\n\n<figure class=\"wp-block-image size-large\"><img decoding=\"async\" src=\"https:\/\/muovipoli.fi\/wp-content\/uploads\/2024\/11\/EU-osarahoittama_logo.jpg\" alt=\"\"\/><\/figure>\n<\/div>\n\n\n\n<div style=\"height:5rem\" aria-hidden=\"true\" class=\"wp-block-spacer\"><\/div>\n\n\n\n<div class=\"wp-block-columns is-layout-flex wp-container-core-columns-is-layout-9d6595d7 wp-block-columns-is-layout-flex\">\n<div class=\"wp-block-column is-layout-flow wp-block-column-is-layout-flow\">\n<p>Hankkeen tavoitteena on analysoida tarkemmin merkitt\u00e4vien j\u00e4tevirtojen vaihtoehtoja niin liiketoiminta- kuin teknologisissa ratkaisuissa, huomioiden eri hy\u00f6dynt\u00e4jien ja sidosryhmien tarpeet. Tavoitteena on ymm\u00e4rt\u00e4\u00e4 my\u00f6s j\u00e4tteen lajittelulaitoksen uusia k\u00e4ytt\u00f6tapoja ja investointitarpeita sek\u00e4 pilotoida liiketoiminnan kannalta potentiaalisia vaihtoehtoja korkeamman jalostusarvon tuotteiden aikaan saamiseksi.<\/p>\n\n\n\n<p>J\u00e4tti-hanke palvelee my\u00f6s lahden materiaalikiertojen keskuksen perustamista kartoittamalla mahdollisuuksia huonekalukierr\u00e4tyksen, muovin ja tekstiilin osalta.<\/p>\n<\/div>\n\n\n\n<div class=\"wp-block-column is-layout-flow wp-block-column-is-layout-flow\">\n<h4 class=\"wp-block-heading no-margin has-mp-green-color has-text-color has-link-color wp-elements-3813bed0ed606a65a2d5d676abbe56bb\">Rahoitusviranomainen<\/h4>\n\n\n\n<p>Uudenmaan liitto<\/p>\n\n\n\n<h4 class=\"wp-block-heading no-margin has-mp-green-color has-text-color has-link-color wp-elements-7aa93272e3da9e698a02775471485259\">Rahoitusohjelma<\/h4>\n\n\n\n<p>EU:n kest\u00e4v\u00e4 kaupunkikehitt\u00e4minen 2021- 2027 \u2013 Lahden ekosysteemisopimus (EAKR)<\/p>\n\n\n\n<h4 class=\"wp-block-heading no-margin has-mp-green-color has-text-color has-link-color wp-elements-fde37a22511db5b660b6f59b0aecee9a\">Hankkeessa mukana<\/h4>\n\n\n\n<p>Lahden Seudun Kehitys LADEC Oy, LAB-ammattikorkeakoulu Oy ja Muovipoli Oy<\/p>\n<\/div>\n<\/div>\n\n\n\n<div style=\"height:2rem\" aria-hidden=\"true\" class=\"wp-block-spacer\"><\/div>\n\n\n\n<h2 class=\"wp-block-heading has-mp-green-color has-text-color has-link-color wp-elements-8fbab4306ab16a344327e55b6d126c6f\">Hankkeessa on kolme tavoitetta:<\/h2>\n\n\n\n<div style=\"height:2rem\" aria-hidden=\"true\" class=\"wp-block-spacer\"><\/div>\n\n\n\n<div class=\"wp-block-group group-plastlife\"><div class=\"wp-block-group__inner-container is-layout-constrained wp-block-group-is-layout-constrained\">\n<div class=\"wp-block-group is-nowrap is-layout-flex wp-container-core-group-is-layout-ad2f72ca wp-block-group-is-layout-flex\">\n<h1 class=\"wp-block-heading has-mp-green-color has-text-color has-link-color wp-elements-d015d1eaf8b9bba90684a4749f3cb5aa\">1<\/h1>\n\n\n\n<h4 class=\"wp-block-heading has-contrast-color has-text-color has-link-color wp-elements-f8dffb7f49c98a9be580bd8b4b6f252c\">Suomessa alihy\u00f6dynnettyjen j\u00e4tevirtojen (muovi, huonekalu ja tekstiili)<br>P\u00e4ij\u00e4t-H\u00e4meen alueellinen hy\u00f6dynt\u00e4mismahdollisuuksien kehitt\u00e4minen.<\/h4>\n<\/div>\n\n\n\n<div class=\"wp-block-group is-nowrap is-layout-flex wp-container-core-group-is-layout-ad2f72ca wp-block-group-is-layout-flex\">\n<h1 class=\"wp-block-heading has-mp-green-color has-text-color has-link-color wp-elements-0956230f9ff25e1762bb90054b6865b2\">2<\/h1>\n\n\n\n<h4 class=\"wp-block-heading has-contrast-color has-text-color has-link-color wp-elements-c95fd831ea227550071dceb9ac8333a5\">Liiketoiminnan kehitt\u00e4minen ja testaaminen: korkean jalostusarvon hy\u00f6dynt\u00e4minen.<\/h4>\n<\/div>\n\n\n\n<div class=\"wp-block-group is-nowrap is-layout-flex wp-container-core-group-is-layout-ad2f72ca wp-block-group-is-layout-flex\">\n<h1 class=\"wp-block-heading has-mp-green-color has-text-color has-link-color wp-elements-b542729c0fc0320a336012826887e48f\">3<\/h1>\n\n\n\n<h4 class=\"wp-block-heading has-contrast-color has-text-color has-link-color wp-elements-6d26b1df73496f292fa9b1eba245c73e\">Oppien jakaminen.<\/h4>\n<\/div>\n<\/div><\/div>\n\n\n\n<div style=\"height:100px\" aria-hidden=\"true\" class=\"wp-block-spacer\"><\/div>\n\n\n\n<h2 class=\"wp-block-heading\"><mark style=\"background-color:rgba(0, 0, 0, 0)\" class=\"has-inline-color has-mp-green-color\">Hankkeen tuotoksia ja tuloksia:<\/mark><\/h2>\n\n\n\n<div class=\"wp-block-group is-layout-grid wp-container-core-group-is-layout-9649a0d9 wp-block-group-is-layout-grid\">\n<div class=\"wp-block-buttons is-layout-flex wp-block-buttons-is-layout-flex\">\n<div class=\"wp-block-button is-style-fill\"><a class=\"wp-block-button__link wp-element-button\" href=\"https:\/\/muovipoli.fi\/wp-content\/uploads\/2025\/09\/T1.3-Yhteenveto-Paijat-Hameen-muovimaarista.pdf\" target=\"_blank\" rel=\"noreferrer noopener\">Yhteenveto P\u00e4ij\u00e4t-H\u00e4meen muovim\u00e4\u00e4rist\u00e4<\/a><\/div>\n<\/div>\n\n\n\n<div class=\"wp-block-buttons is-layout-flex wp-block-buttons-is-layout-flex\">\n<div class=\"wp-block-button\"><a class=\"wp-block-button__link wp-element-button\" href=\"https:\/\/muovipoli.fi\/wp-content\/uploads\/2025\/09\/Lisaselvitys-muovijatemaarista.pdf\" target=\"_blank\" rel=\"noreferrer noopener\">Lis\u00e4selvitys: muovij\u00e4te-m\u00e4\u00e4rist\u00e4<\/a><\/div>\n<\/div>\n\n\n\n<div class=\"wp-block-buttons is-layout-flex wp-block-buttons-is-layout-flex\">\n<div class=\"wp-block-button\"><a class=\"wp-block-button__link wp-element-button\" href=\"https:\/\/muovipoli.fi\/wp-content\/uploads\/2025\/09\/T1.8-ja-T1.9-raportti-29.9.2023.pdf\" target=\"_blank\" rel=\"noreferrer noopener\">T1.8 ja T1.9 raportti k\u00e4ytt\u00f6kohteista<\/a><\/div>\n<\/div>\n\n\n\n<div class=\"wp-block-buttons is-layout-flex wp-block-buttons-is-layout-flex\">\n<div class=\"wp-block-button\"><a class=\"wp-block-button__link wp-element-button\" href=\"https:\/\/muovipoli.fi\/wp-content\/uploads\/2025\/09\/Selvitys-alihyodynnetyista-teknisista-muovijatevirroista.pdf\" target=\"_blank\" rel=\"noreferrer noopener\">Alihy\u00f6dynnetyt tekniset muovivirrat<\/a><\/div>\n<\/div>\n<\/div>\n\n\n\n<div style=\"height:5rem\" aria-hidden=\"true\" class=\"wp-block-spacer\"><\/div>\n\n\n\n<div class=\"wp-block-cover is-light cover-full cover-inner-contained cover-plastlife-expert\"><span aria-hidden=\"true\" class=\"wp-block-cover__background has-background-dim-10 has-background-dim\" style=\"background-color:#1cc55d\"><\/span><div class=\"wp-block-cover__inner-container is-layout-constrained wp-block-cover-is-layout-constrained\">\n<div class=\"wp-block-group is-content-justification-center is-nowrap is-layout-flex wp-container-core-group-is-layout-94bc23d7 wp-block-group-is-layout-flex\">\n<figure class=\"wp-block-image size-large\"><img decoding=\"async\" src=\"https:\/\/muovipoli.fi\/wp-content\/uploads\/2024\/11\/jenni_syvanne_ap.jpg\" alt=\"\"\/><\/figure>\n\n\n\n<div style=\"height:100px;width:0px\" aria-hidden=\"true\" class=\"wp-block-spacer wp-container-content-8e98ba44\"><\/div>\n\n\n\n<div class=\"wp-block-group is-vertical is-layout-flex wp-container-core-group-is-layout-8cf370e7 wp-block-group-is-layout-flex\">\n<h4 class=\"wp-block-heading has-mp-teal-color has-text-color has-link-color wp-elements-40e82e3f5b8bcb90c6b837c38365bf67\">Contact our<br>plastics specialist<\/h4>\n\n\n\n<p class=\"has-contrast-color has-text-color has-link-color wp-elements-2ce6a4197d5a3712bcf21f2c3cee1e80\"><strong>Jenni Syv\u00e4nne<\/strong><br>Project Manager<br>M.Sc. (Tech.), Materials Engineering<br>+358 (0)50 374 9906<br>jenni.syvanne@muovipoli.fi<\/p>\n<\/div>\n<\/div>\n<\/div><\/div>","protected":false},"excerpt":{"rendered":"<p>Hankkeen tavoitteena on analysoida tarkemmin merkitt\u00e4vien j\u00e4tevirtojen vaihtoehtoja niin liiketoiminta- kuin teknologisissa ratkaisuissa, huomioiden eri hy\u00f6dynt\u00e4jien ja sidosryhmien tarpeet. Tavoitteena on ymm\u00e4rt\u00e4\u00e4 my\u00f6s j\u00e4tteen lajittelulaitoksen uusia k\u00e4ytt\u00f6tapoja ja investointitarpeita sek\u00e4 pilotoida liiketoiminnan kannalta potentiaalisia vaihtoehtoja korkeamman jalostusarvon tuotteiden aikaan saamiseksi. J\u00e4tti-hanke palvelee my\u00f6s lahden materiaalikiertojen keskuksen perustamista kartoittamalla mahdollisuuksia huonekalukierr\u00e4tyksen, muovin ja tekstiilin osalta. Rahoitusviranomainen &#8230; <a title=\"J\u00e4tti\" class=\"read-more\" href=\"https:\/\/muovipoli.fi\/en\/hankkeet\/jatti\/\" aria-label=\"Read more about J\u00e4tti\">Read more<\/a><\/p>","protected":false},"author":1,"featured_media":0,"parent":93,"menu_order":0,"comment_status":"closed","ping_status":"closed","template":"","meta":{"footnotes":""},"class_list":["post-139","page","type-page","status-publish"],"yoast_head":"<!-- This site is optimized with the Yoast SEO plugin v27.4 - https:\/\/yoast.com\/product\/yoast-seo-wordpress\/ -->\n<title>J\u00e4tti - Muovipoli<\/title>\n<meta name=\"robots\" content=\"index, follow, max-snippet:-1, max-image-preview:large, max-video-preview:-1\" \/>\n<link rel=\"canonical\" href=\"https:\/\/muovipoli.fi\/en\/hankkeet\/jatti\/\" \/>\n<meta property=\"og:locale\" content=\"en_GB\" \/>\n<meta property=\"og:type\" content=\"article\" \/>\n<meta property=\"og:title\" content=\"J\u00e4tti - Muovipoli\" \/>\n<meta property=\"og:description\" content=\"Hankkeen tavoitteena on analysoida tarkemmin merkitt\u00e4vien j\u00e4tevirtojen vaihtoehtoja niin liiketoiminta- kuin teknologisissa ratkaisuissa, huomioiden eri hy\u00f6dynt\u00e4jien ja sidosryhmien tarpeet. Tavoitteena on ymm\u00e4rt\u00e4\u00e4 my\u00f6s j\u00e4tteen lajittelulaitoksen uusia k\u00e4ytt\u00f6tapoja ja investointitarpeita sek\u00e4 pilotoida liiketoiminnan kannalta potentiaalisia vaihtoehtoja korkeamman jalostusarvon tuotteiden aikaan saamiseksi. J\u00e4tti-hanke palvelee my\u00f6s lahden materiaalikiertojen keskuksen perustamista kartoittamalla mahdollisuuksia huonekalukierr\u00e4tyksen, muovin ja tekstiilin osalta. Rahoitusviranomainen ... Read more\" \/>\n<meta property=\"og:url\" content=\"https:\/\/muovipoli.fi\/en\/hankkeet\/jatti\/\" \/>\n<meta property=\"og:site_name\" content=\"Muovipoli\" \/>\n<meta property=\"article:modified_time\" content=\"2025-09-26T06:44:02+00:00\" \/>\n<meta property=\"og:image\" content=\"https:\/\/muovipoli.fi\/wp-content\/uploads\/2024\/11\/innokaupungit_logo.jpg\" \/>\n<meta name=\"twitter:card\" content=\"summary_large_image\" \/>\n<meta name=\"twitter:label1\" content=\"Estimated reading time\" \/>\n\t<meta name=\"twitter:data1\" content=\"2 minutes\" \/>\n<script type=\"application\/ld+json\" class=\"yoast-schema-graph\">{\"@context\":\"https:\\\/\\\/schema.org\",\"@graph\":[{\"@type\":\"WebPage\",\"@id\":\"https:\\\/\\\/muovipoli.fi\\\/hankkeet\\\/jatti\\\/\",\"url\":\"https:\\\/\\\/muovipoli.fi\\\/hankkeet\\\/jatti\\\/\",\"name\":\"J\u00e4tti - Muovipoli\",\"isPartOf\":{\"@id\":\"https:\\\/\\\/muovipoli.fi\\\/#website\"},\"primaryImageOfPage\":{\"@id\":\"https:\\\/\\\/muovipoli.fi\\\/hankkeet\\\/jatti\\\/#primaryimage\"},\"image\":{\"@id\":\"https:\\\/\\\/muovipoli.fi\\\/hankkeet\\\/jatti\\\/#primaryimage\"},\"thumbnailUrl\":\"https:\\\/\\\/muovipoli.fi\\\/wp-content\\\/uploads\\\/2024\\\/11\\\/innokaupungit_logo.jpg\",\"datePublished\":\"2024-10-22T07:28:03+00:00\",\"dateModified\":\"2025-09-26T06:44:02+00:00\",\"breadcrumb\":{\"@id\":\"https:\\\/\\\/muovipoli.fi\\\/hankkeet\\\/jatti\\\/#breadcrumb\"},\"inLanguage\":\"en-GB\",\"potentialAction\":[{\"@type\":\"ReadAction\",\"target\":[\"https:\\\/\\\/muovipoli.fi\\\/hankkeet\\\/jatti\\\/\"]}]},{\"@type\":\"ImageObject\",\"inLanguage\":\"en-GB\",\"@id\":\"https:\\\/\\\/muovipoli.fi\\\/hankkeet\\\/jatti\\\/#primaryimage\",\"url\":\"https:\\\/\\\/muovipoli.fi\\\/wp-content\\\/uploads\\\/2024\\\/11\\\/innokaupungit_logo.jpg\",\"contentUrl\":\"https:\\\/\\\/muovipoli.fi\\\/wp-content\\\/uploads\\\/2024\\\/11\\\/innokaupungit_logo.jpg\"},{\"@type\":\"BreadcrumbList\",\"@id\":\"https:\\\/\\\/muovipoli.fi\\\/hankkeet\\\/jatti\\\/#breadcrumb\",\"itemListElement\":[{\"@type\":\"ListItem\",\"position\":1,\"name\":\"Home\",\"item\":\"https:\\\/\\\/muovipoli.fi\\\/\"},{\"@type\":\"ListItem\",\"position\":2,\"name\":\"Hankkeet\",\"item\":\"https:\\\/\\\/muovipoli.fi\\\/hankkeet\\\/\"},{\"@type\":\"ListItem\",\"position\":3,\"name\":\"J\u00e4tti\"}]},{\"@type\":\"WebSite\",\"@id\":\"https:\\\/\\\/muovipoli.fi\\\/#website\",\"url\":\"https:\\\/\\\/muovipoli.fi\\\/\",\"name\":\"Muovipoli\",\"description\":\"Huomisen innovaatioita muoveja k\u00e4ytt\u00e4v\u00e4lle teollisuudelle\",\"publisher\":{\"@id\":\"https:\\\/\\\/muovipoli.fi\\\/#organization\"},\"potentialAction\":[{\"@type\":\"SearchAction\",\"target\":{\"@type\":\"EntryPoint\",\"urlTemplate\":\"https:\\\/\\\/muovipoli.fi\\\/?s={search_term_string}\"},\"query-input\":{\"@type\":\"PropertyValueSpecification\",\"valueRequired\":true,\"valueName\":\"search_term_string\"}}],\"inLanguage\":\"en-GB\"},{\"@type\":\"Organization\",\"@id\":\"https:\\\/\\\/muovipoli.fi\\\/#organization\",\"name\":\"Muovipoli\",\"url\":\"https:\\\/\\\/muovipoli.fi\\\/\",\"logo\":{\"@type\":\"ImageObject\",\"inLanguage\":\"en-GB\",\"@id\":\"https:\\\/\\\/muovipoli.fi\\\/#\\\/schema\\\/logo\\\/image\\\/\",\"url\":\"https:\\\/\\\/muovipoli.fi\\\/wp-content\\\/uploads\\\/2024\\\/10\\\/muovipoli_logo.png?wsr\",\"contentUrl\":\"https:\\\/\\\/muovipoli.fi\\\/wp-content\\\/uploads\\\/2024\\\/10\\\/muovipoli_logo.png?wsr\",\"width\":540,\"height\":91,\"caption\":\"Muovipoli\"},\"image\":{\"@id\":\"https:\\\/\\\/muovipoli.fi\\\/#\\\/schema\\\/logo\\\/image\\\/\"}}]}<\/script>\n<!-- \/ Yoast SEO plugin. -->","yoast_head_json":{"title":"J\u00e4tti - Muovipoli","robots":{"index":"index","follow":"follow","max-snippet":"max-snippet:-1","max-image-preview":"max-image-preview:large","max-video-preview":"max-video-preview:-1"},"canonical":"https:\/\/muovipoli.fi\/en\/hankkeet\/jatti\/","og_locale":"en_GB","og_type":"article","og_title":"J\u00e4tti - Muovipoli","og_description":"Hankkeen tavoitteena on analysoida tarkemmin merkitt\u00e4vien j\u00e4tevirtojen vaihtoehtoja niin liiketoiminta- kuin teknologisissa ratkaisuissa, huomioiden eri hy\u00f6dynt\u00e4jien ja sidosryhmien tarpeet. Tavoitteena on ymm\u00e4rt\u00e4\u00e4 my\u00f6s j\u00e4tteen lajittelulaitoksen uusia k\u00e4ytt\u00f6tapoja ja investointitarpeita sek\u00e4 pilotoida liiketoiminnan kannalta potentiaalisia vaihtoehtoja korkeamman jalostusarvon tuotteiden aikaan saamiseksi. J\u00e4tti-hanke palvelee my\u00f6s lahden materiaalikiertojen keskuksen perustamista kartoittamalla mahdollisuuksia huonekalukierr\u00e4tyksen, muovin ja tekstiilin osalta. Rahoitusviranomainen ... Read more","og_url":"https:\/\/muovipoli.fi\/en\/hankkeet\/jatti\/","og_site_name":"Muovipoli","article_modified_time":"2025-09-26T06:44:02+00:00","og_image":[{"url":"https:\/\/muovipoli.fi\/wp-content\/uploads\/2024\/11\/innokaupungit_logo.jpg","type":"","width":"","height":""}],"twitter_card":"summary_large_image","twitter_misc":{"Estimated reading time":"2 minutes"},"schema":{"@context":"https:\/\/schema.org","@graph":[{"@type":"WebPage","@id":"https:\/\/muovipoli.fi\/hankkeet\/jatti\/","url":"https:\/\/muovipoli.fi\/hankkeet\/jatti\/","name":"J\u00e4tti - Muovipoli","isPartOf":{"@id":"https:\/\/muovipoli.fi\/#website"},"primaryImageOfPage":{"@id":"https:\/\/muovipoli.fi\/hankkeet\/jatti\/#primaryimage"},"image":{"@id":"https:\/\/muovipoli.fi\/hankkeet\/jatti\/#primaryimage"},"thumbnailUrl":"https:\/\/muovipoli.fi\/wp-content\/uploads\/2024\/11\/innokaupungit_logo.jpg","datePublished":"2024-10-22T07:28:03+00:00","dateModified":"2025-09-26T06:44:02+00:00","breadcrumb":{"@id":"https:\/\/muovipoli.fi\/hankkeet\/jatti\/#breadcrumb"},"inLanguage":"en-GB","potentialAction":[{"@type":"ReadAction","target":["https:\/\/muovipoli.fi\/hankkeet\/jatti\/"]}]},{"@type":"ImageObject","inLanguage":"en-GB","@id":"https:\/\/muovipoli.fi\/hankkeet\/jatti\/#primaryimage","url":"https:\/\/muovipoli.fi\/wp-content\/uploads\/2024\/11\/innokaupungit_logo.jpg","contentUrl":"https:\/\/muovipoli.fi\/wp-content\/uploads\/2024\/11\/innokaupungit_logo.jpg"},{"@type":"BreadcrumbList","@id":"https:\/\/muovipoli.fi\/hankkeet\/jatti\/#breadcrumb","itemListElement":[{"@type":"ListItem","position":1,"name":"Home","item":"https:\/\/muovipoli.fi\/"},{"@type":"ListItem","position":2,"name":"Hankkeet","item":"https:\/\/muovipoli.fi\/hankkeet\/"},{"@type":"ListItem","position":3,"name":"J\u00e4tti"}]},{"@type":"WebSite","@id":"https:\/\/muovipoli.fi\/#website","url":"https:\/\/muovipoli.fi\/","name":"Muovipoli","description":"Huomisen innovaatioita muoveja k\u00e4ytt\u00e4v\u00e4lle teollisuudelle","publisher":{"@id":"https:\/\/muovipoli.fi\/#organization"},"potentialAction":[{"@type":"SearchAction","target":{"@type":"EntryPoint","urlTemplate":"https:\/\/muovipoli.fi\/?s={search_term_string}"},"query-input":{"@type":"PropertyValueSpecification","valueRequired":true,"valueName":"search_term_string"}}],"inLanguage":"en-GB"},{"@type":"Organization","@id":"https:\/\/muovipoli.fi\/#organization","name":"Muovipoli","url":"https:\/\/muovipoli.fi\/","logo":{"@type":"ImageObject","inLanguage":"en-GB","@id":"https:\/\/muovipoli.fi\/#\/schema\/logo\/image\/","url":"https:\/\/muovipoli.fi\/wp-content\/uploads\/2024\/10\/muovipoli_logo.png?wsr","contentUrl":"https:\/\/muovipoli.fi\/wp-content\/uploads\/2024\/10\/muovipoli_logo.png?wsr","width":540,"height":91,"caption":"Muovipoli"},"image":{"@id":"https:\/\/muovipoli.fi\/#\/schema\/logo\/image\/"}}]}},"_links":{"self":[{"href":"https:\/\/muovipoli.fi\/en\/wp-json\/wp\/v2\/pages\/139","targetHints":{"allow":["GET"]}}],"collection":[{"href":"https:\/\/muovipoli.fi\/en\/wp-json\/wp\/v2\/pages"}],"about":[{"href":"https:\/\/muovipoli.fi\/en\/wp-json\/wp\/v2\/types\/page"}],"author":[{"embeddable":true,"href":"https:\/\/muovipoli.fi\/en\/wp-json\/wp\/v2\/users\/1"}],"replies":[{"embeddable":true,"href":"https:\/\/muovipoli.fi\/en\/wp-json\/wp\/v2\/comments?post=139"}],"version-history":[{"count":13,"href":"https:\/\/muovipoli.fi\/en\/wp-json\/wp\/v2\/pages\/139\/revisions"}],"predecessor-version":[{"id":1750,"href":"https:\/\/muovipoli.fi\/en\/wp-json\/wp\/v2\/pages\/139\/revisions\/1750"}],"up":[{"embeddable":true,"href":"https:\/\/muovipoli.fi\/en\/wp-json\/wp\/v2\/pages\/93"}],"wp:attachment":[{"href":"https:\/\/muovipoli.fi\/en\/wp-json\/wp\/v2\/media?parent=139"}],"curies":[{"name":"wp","href":"https:\/\/api.w.org\/{rel}","templated":true}]}}