{"id":1423,"date":"2025-04-03T10:54:17","date_gmt":"2025-04-03T07:54:17","guid":{"rendered":"https:\/\/muovipoli.fi\/?page_id=1423"},"modified":"2025-04-23T13:48:33","modified_gmt":"2025-04-23T10:48:33","slug":"huuma","status":"publish","type":"page","link":"https:\/\/muovipoli.fi\/en\/hankkeet\/huuma\/","title":{"rendered":"HUUMA &#8211; Kasvibiomassan hiili uusiutuviksi materiaaleiksi"},"content":{"rendered":"<div class=\"wp-block-cover cover-full cover-inner-contained\" style=\"min-height:400px;aspect-ratio:unset;\"><span aria-hidden=\"true\" class=\"wp-block-cover__background has-mp-green-background-color has-background-dim-100 has-background-dim\"><\/span><div class=\"wp-block-cover__inner-container is-layout-constrained wp-block-cover-is-layout-constrained\">\n<div class=\"wp-block-group\"><div class=\"wp-block-group__inner-container is-layout-constrained wp-block-group-is-layout-constrained\">\n<div class=\"wp-block-columns is-layout-flex wp-container-core-columns-is-layout-9d6595d7 wp-block-columns-is-layout-flex\">\n<div class=\"wp-block-column is-layout-flow wp-block-column-is-layout-flow\" style=\"flex-basis:60%\">\n<h1 class=\"wp-block-heading no-margin\">Kasvibiomassan hiili uusiutuviksi materiaaleiksi &#8211; HUUMA<\/h1>\n\n\n\n<h4 class=\"wp-block-heading\">AIKATAULU 1.1.2025 \u2013 31.5.2027<\/h4>\n<\/div>\n\n\n\n<div class=\"wp-block-column is-vertically-aligned-center is-layout-flow wp-block-column-is-layout-flow\" style=\"flex-basis:40%\">\n<p>HUUMA-hankkeen tavoitteena on pilotoida PHA:n tuottoa maa- ja mets\u00e4taloussektorien ja muiden orgaanisten jakeiden j\u00e4temateriaaleista. Tavoitteena on kehitt\u00e4\u00e4 edell\u00e4k\u00e4vij\u00f6in\u00e4 biohajovien\/ kompostoitavien korkean jalostusasteen muovituotteiden valmistusta selluloosasta, ligniinist\u00e4 ja PHA:sta siten, ett\u00e4 tuotteiden tekniset ominaisuudet vastaavat fossiilisesta hiilest\u00e4 per\u00e4isin olevia muovituotteita.<\/p>\n<\/div>\n<\/div>\n<\/div><\/div>\n<\/div><\/div>\n\n\n\n<div style=\"height:5rem\" aria-hidden=\"true\" class=\"wp-block-spacer\"><\/div>\n\n\n\n<div class=\"wp-block-group is-content-justification-space-between is-nowrap is-layout-flex wp-container-core-group-is-layout-0dfbf163 wp-block-group-is-layout-flex\">\n<figure class=\"wp-block-image size-full is-resized\"><img loading=\"lazy\" decoding=\"async\" width=\"4247\" height=\"891\" src=\"https:\/\/muovipoli.fi\/wp-content\/uploads\/2025\/03\/FI-Euroopan-unionin-osarahoittama_PANTONE-1.jpg\" alt=\"\" class=\"wp-image-1395\" style=\"width:381px;height:auto\" srcset=\"https:\/\/muovipoli.fi\/wp-content\/uploads\/2025\/03\/FI-Euroopan-unionin-osarahoittama_PANTONE-1.jpg 4247w, https:\/\/muovipoli.fi\/wp-content\/uploads\/2025\/03\/FI-Euroopan-unionin-osarahoittama_PANTONE-1-18x4.jpg 18w\" sizes=\"auto, (max-width: 4247px) 100vw, 4247px\" \/><\/figure>\n\n\n\n<figure class=\"wp-block-image size-full is-resized\"><img loading=\"lazy\" decoding=\"async\" width=\"2362\" height=\"1063\" src=\"https:\/\/muovipoli.fi\/wp-content\/uploads\/2025\/03\/HY__LB02_LogoFV_FI_B3____BW.png\" alt=\"\" class=\"wp-image-1391\" style=\"width:322px;height:auto\" srcset=\"https:\/\/muovipoli.fi\/wp-content\/uploads\/2025\/03\/HY__LB02_LogoFV_FI_B3____BW.png 2362w, https:\/\/muovipoli.fi\/wp-content\/uploads\/2025\/03\/HY__LB02_LogoFV_FI_B3____BW-18x8.png 18w\" sizes=\"auto, (max-width: 2362px) 100vw, 2362px\" \/><\/figure>\n\n\n\n<figure class=\"wp-block-image size-full is-resized\"><img loading=\"lazy\" decoding=\"async\" width=\"283\" height=\"66\" src=\"https:\/\/muovipoli.fi\/wp-content\/uploads\/2025\/03\/lab.png\" alt=\"\" class=\"wp-image-1397\" style=\"width:274px;height:auto\" srcset=\"https:\/\/muovipoli.fi\/wp-content\/uploads\/2025\/03\/lab.png 283w, https:\/\/muovipoli.fi\/wp-content\/uploads\/2025\/03\/lab-18x4.png 18w\" sizes=\"auto, (max-width: 283px) 100vw, 283px\" \/><\/figure>\n\n\n\n<figure class=\"wp-block-image size-full is-resized\"><img loading=\"lazy\" decoding=\"async\" width=\"2250\" height=\"376\" src=\"https:\/\/muovipoli.fi\/wp-content\/uploads\/2025\/03\/Muovipoli-logo-CMYK.jpg\" alt=\"\" class=\"wp-image-1413\" style=\"width:299px;height:auto\" srcset=\"https:\/\/muovipoli.fi\/wp-content\/uploads\/2025\/03\/Muovipoli-logo-CMYK.jpg 2250w, https:\/\/muovipoli.fi\/wp-content\/uploads\/2025\/03\/Muovipoli-logo-CMYK-18x3.jpg 18w\" sizes=\"auto, (max-width: 2250px) 100vw, 2250px\" \/><\/figure>\n<\/div>\n\n\n\n<div style=\"height:5rem\" aria-hidden=\"true\" class=\"wp-block-spacer\"><\/div>\n\n\n\n<div class=\"wp-block-columns is-layout-flex wp-container-core-columns-is-layout-9d6595d7 wp-block-columns-is-layout-flex\">\n<div class=\"wp-block-column is-layout-flow wp-block-column-is-layout-flow\">\n<p>Mets\u00e4teollisuuden j\u00e4tevesiss\u00e4, maatalouden j\u00e4tteiss\u00e4, sek\u00e4 muissa mahdollisissa orgaanisissa j\u00e4tejakeissa on j\u00e4ljell\u00e4 huomattavan paljon muun muassa sokeri- ja sokeripolymeeripitoisia hiilt\u00e4 sis\u00e4lt\u00e4vi\u00e4 ravinteita. N\u00e4iden hy\u00f6dynt\u00e4miselle on tunnistettu tarve, johon voidaan vastata esimerkiksi tuottamalla bioreaktoreissa biohajoavia\/ kompostoituvia polyhydroksyalkaonaatteja (PHA).<\/p>\n\n\n\n<p>Mets\u00e4teollisuuden biojalostamot tuottavat t\u00e4ll\u00e4 hetkell\u00e4 selluloosaa ja ligniini\u00e4, joiden jalostusasteen kasvattamiselle on tarve lis\u00e4arvon tuottamiseksi valmistamalla korkean jalostusasteen biopohjaisia muovituotteita ja materiaaleja. HUUMA-hankkeen tavoitteena on pilotoida ja demonstroida suuressa mittakaavassa PHA:n tuottoa maa- ja mets\u00e4taloussektorien ja muiden orgaanisten jakeiden j\u00e4temateriaaleista, kuten erillisker\u00e4tyst\u00e4 bioj\u00e4tteest\u00e4. Tavoitteena on my\u00f6s kehitt\u00e4\u00e4 edell\u00e4k\u00e4vij\u00f6in\u00e4 biohajoavien\/ kompostoitavien korkean jalostusasteen muovituotteiden valmistusta selluloosasta, ligniinist\u00e4 ja PHA:sta siten, ett\u00e4 tuotteiden tekniset ominaisuudet vastaavat fossiilisesta hiilest\u00e4 per\u00e4isin olevia muovituotteita. Tuotteiden valmistuksessa selluloosa, ligniini ja PHA raaka-aineista voidaan hy\u00f6dynt\u00e4\u00e4 ja kehitt\u00e4\u00e4 digitalisaatiota mm. 3D-tulostamisen muodossa.<\/p>\n\n\n\n<p>Hankkeen p\u00e4\u00e4toteuttaja on Helsingin yliopisto ja osatoteuttajina ovat Muovipoli Oy, ja LAB ammattikorkeakoulu.<\/p>\n\n\n\n<p>Hankkeeseen liittyv\u00e4ss\u00e4 investointihankkeessa Muovipoli investoi biomuovien prosessointiin soveltuvaan sekoituslaitteistoon. Hankittavalla laitteistolla voidaan sekoittaa, modifioida ja jatkojalostaa mets\u00e4teollisuuden sivuvirrasta valmistettua PHA:ta tai sekoittaa muita mets\u00e4teollisuuden sivuvirtoja kuten selluloosaa tai ligniini\u00e4 PHA:n tai muiden biomuovien kanssa saaden aikaan biokomposiittia. <\/p>\n<\/div>\n\n\n\n<div class=\"wp-block-column is-layout-flow wp-block-column-is-layout-flow\">\n<h4 class=\"wp-block-heading no-margin has-mp-green-color has-text-color has-link-color wp-elements-3813bed0ed606a65a2d5d676abbe56bb\">Rahoitusviranomainen<\/h4>\n\n\n\n<p>Elinkeino-, liikenne- ja ymp\u00e4rist\u00f6keskus<\/p>\n\n\n\n<h4 class=\"wp-block-heading no-margin has-mp-green-color has-text-color has-link-color wp-elements-7aa93272e3da9e698a02775471485259\">Rahoitusohjelma<\/h4>\n\n\n\n<p>Uudistuva ja osaava Suomi 2021- 2027 \u2013 EU:n alue- ja rakennepolitiikan ohjelma<\/p>\n\n\n\n<p>Euroopan aluekehitysrahasto (EAKR)<\/p>\n\n\n\n<h4 class=\"wp-block-heading no-margin has-mp-green-color has-text-color has-link-color wp-elements-fde37a22511db5b660b6f59b0aecee9a\">Hankkeessa mukana<\/h4>\n\n\n\n<p>Helsingin yliopisto, LAB-ammattikorkeakoulu Oy ja Muovipoli Oy<\/p>\n<\/div>\n<\/div>\n\n\n\n<div style=\"height:2rem\" aria-hidden=\"true\" class=\"wp-block-spacer\"><\/div>\n\n\n\n<h2 class=\"wp-block-heading has-mp-green-color has-text-color has-link-color wp-elements-ebf108bf9c4c69018ba1c56180208ae1\">Muovipolin rooli hankkeessa:<\/h2>\n\n\n\n<div class=\"wp-block-group group-plastlife\"><div class=\"wp-block-group__inner-container is-layout-constrained wp-block-group-is-layout-constrained\">\n<div class=\"wp-block-group is-nowrap is-layout-flex wp-container-core-group-is-layout-ad2f72ca wp-block-group-is-layout-flex\">\n<h1 class=\"wp-block-heading has-mp-green-color has-text-color has-link-color wp-elements-d015d1eaf8b9bba90684a4749f3cb5aa\">1<\/h1>\n\n\n\n<h4 class=\"wp-block-heading has-contrast-color has-text-color has-link-color wp-elements-87be604085e025676b9e80d4151f6748\">Yhdess\u00e4 LAB-ammattikorkeakoulun kanssa valmistetaan mets\u00e4teollisuuden selluloosasta ja ligniinist\u00e4, sek\u00e4 PHA:sta biopohjaisia muoveja ja tutkitaan niiden prosessoitavuutta ja ominaisuuksia laboratorio-olosuhteissa.<\/h4>\n<\/div>\n\n\n\n<div class=\"wp-block-group is-nowrap is-layout-flex wp-container-core-group-is-layout-ad2f72ca wp-block-group-is-layout-flex\">\n<h1 class=\"wp-block-heading has-mp-green-color has-text-color has-link-color wp-elements-0956230f9ff25e1762bb90054b6865b2\">2<\/h1>\n\n\n\n<h4 class=\"wp-block-heading has-contrast-color has-text-color has-link-color wp-elements-48fb2ae776f279a587714451ba04b4c9\">Kehitettyj\u00e4 biopohjaisia granulaatteja testataan ja pilotoidaan yhteisty\u00f6ss\u00e4 LAB-ammattikorkeakoulun kanssa nykyisin fossiilisia muoveja k\u00e4ytt\u00e4vien yritysten tuotantoymp\u00e4rist\u00f6\u00e4 vastaavilla teknologioilla.<\/h4>\n<\/div>\n\n\n\n<div class=\"wp-block-group is-nowrap is-layout-flex wp-container-core-group-is-layout-ad2f72ca wp-block-group-is-layout-flex\">\n<h1 class=\"wp-block-heading has-mp-green-color has-text-color has-link-color wp-elements-b542729c0fc0320a336012826887e48f\">3<\/h1>\n\n\n\n<h4 class=\"wp-block-heading has-contrast-color has-text-color has-link-color wp-elements-6401316c6a78aedda32f0bd2491c49a4\">Kartoitetaan potentiaalisia ja lupaavimpia sovelluskohteita selluloosasta ja ligniinist\u00e4 sek\u00e4 PHA:sta tuotetuille biopohjaisille muoveille ja m\u00e4\u00e4ritet\u00e4\u00e4n siit\u00e4 seuraavat loppuk\u00e4yt\u00f6n vaatimukset.<\/h4>\n<\/div>\n<\/div><\/div>\n\n\n\n<div style=\"height:5rem\" aria-hidden=\"true\" class=\"wp-block-spacer\"><\/div>\n\n\n\n<div class=\"wp-block-cover is-light cover-full cover-inner-contained cover-plastlife-expert\"><span aria-hidden=\"true\" class=\"wp-block-cover__background has-background-dim-10 has-background-dim\" style=\"background-color:#1cc55d\"><\/span><div class=\"wp-block-cover__inner-container is-layout-constrained wp-block-cover-is-layout-constrained\">\n<div class=\"wp-block-group is-content-justification-center is-nowrap is-layout-flex wp-container-core-group-is-layout-94bc23d7 wp-block-group-is-layout-flex\">\n<figure class=\"wp-block-image size-large\"><img decoding=\"async\" src=\"https:\/\/muovipoli.fi\/wp-content\/uploads\/2024\/11\/jenni_syvanne_ap.jpg\" alt=\"\"\/><\/figure>\n\n\n\n<div style=\"height:100px;width:0px\" aria-hidden=\"true\" class=\"wp-block-spacer wp-container-content-8e98ba44\"><\/div>\n\n\n\n<div class=\"wp-block-group is-vertical is-layout-flex wp-container-core-group-is-layout-8cf370e7 wp-block-group-is-layout-flex\">\n<h4 class=\"wp-block-heading has-mp-teal-color has-text-color has-link-color wp-elements-40e82e3f5b8bcb90c6b837c38365bf67\">Contact our<br>plastics specialist<\/h4>\n\n\n\n<p class=\"has-contrast-color has-text-color has-link-color wp-elements-2ce6a4197d5a3712bcf21f2c3cee1e80\"><strong>Jenni Syv\u00e4nne<\/strong><br>Project Manager<br>M.Sc. (Tech.), Materials Engineering<br>+358 (0)50 374 9906<br>jenni.syvanne@muovipoli.fi<\/p>\n<\/div>\n<\/div>\n<\/div><\/div>","protected":false},"excerpt":{"rendered":"<p>Mets\u00e4teollisuuden j\u00e4tevesiss\u00e4, maatalouden j\u00e4tteiss\u00e4, sek\u00e4 muissa mahdollisissa orgaanisissa j\u00e4tejakeissa on j\u00e4ljell\u00e4 huomattavan paljon muun muassa sokeri- ja sokeripolymeeripitoisia hiilt\u00e4 sis\u00e4lt\u00e4vi\u00e4 ravinteita. N\u00e4iden hy\u00f6dynt\u00e4miselle on tunnistettu tarve, johon voidaan vastata esimerkiksi tuottamalla bioreaktoreissa biohajoavia\/ kompostoituvia polyhydroksyalkaonaatteja (PHA). Mets\u00e4teollisuuden biojalostamot tuottavat t\u00e4ll\u00e4 hetkell\u00e4 selluloosaa ja ligniini\u00e4, joiden jalostusasteen kasvattamiselle on tarve lis\u00e4arvon tuottamiseksi valmistamalla korkean jalostusasteen biopohjaisia &#8230; <a title=\"HUUMA &#8211; Kasvibiomassan hiili uusiutuviksi materiaaleiksi\" class=\"read-more\" href=\"https:\/\/muovipoli.fi\/en\/hankkeet\/huuma\/\" aria-label=\"Read more about HUUMA &#8211; Kasvibiomassan hiili uusiutuviksi materiaaleiksi\">Read more<\/a><\/p>","protected":false},"author":1,"featured_media":0,"parent":93,"menu_order":0,"comment_status":"closed","ping_status":"closed","template":"","meta":{"footnotes":""},"class_list":["post-1423","page","type-page","status-publish"],"yoast_head":"<!-- This site is optimized with the Yoast SEO plugin v27.4 - https:\/\/yoast.com\/product\/yoast-seo-wordpress\/ -->\n<title>HUUMA - Kasvibiomassan hiili uusiutuviksi materiaaleiksi - Muovipoli<\/title>\n<meta name=\"robots\" content=\"index, follow, max-snippet:-1, max-image-preview:large, max-video-preview:-1\" \/>\n<link rel=\"canonical\" href=\"https:\/\/muovipoli.fi\/en\/hankkeet\/huuma\/\" \/>\n<meta property=\"og:locale\" content=\"en_GB\" \/>\n<meta property=\"og:type\" content=\"article\" \/>\n<meta property=\"og:title\" content=\"HUUMA - Kasvibiomassan hiili uusiutuviksi materiaaleiksi - Muovipoli\" \/>\n<meta property=\"og:description\" content=\"Mets\u00e4teollisuuden j\u00e4tevesiss\u00e4, maatalouden j\u00e4tteiss\u00e4, sek\u00e4 muissa mahdollisissa orgaanisissa j\u00e4tejakeissa on j\u00e4ljell\u00e4 huomattavan paljon muun muassa sokeri- ja sokeripolymeeripitoisia hiilt\u00e4 sis\u00e4lt\u00e4vi\u00e4 ravinteita. N\u00e4iden hy\u00f6dynt\u00e4miselle on tunnistettu tarve, johon voidaan vastata esimerkiksi tuottamalla bioreaktoreissa biohajoavia\/ kompostoituvia polyhydroksyalkaonaatteja (PHA). Mets\u00e4teollisuuden biojalostamot tuottavat t\u00e4ll\u00e4 hetkell\u00e4 selluloosaa ja ligniini\u00e4, joiden jalostusasteen kasvattamiselle on tarve lis\u00e4arvon tuottamiseksi valmistamalla korkean jalostusasteen biopohjaisia ... Read more\" \/>\n<meta property=\"og:url\" content=\"https:\/\/muovipoli.fi\/en\/hankkeet\/huuma\/\" \/>\n<meta property=\"og:site_name\" content=\"Muovipoli\" \/>\n<meta property=\"article:modified_time\" content=\"2025-04-23T10:48:33+00:00\" \/>\n<meta property=\"og:image\" content=\"https:\/\/muovipoli.fi\/wp-content\/uploads\/2025\/03\/FI-Euroopan-unionin-osarahoittama_PANTONE-1.jpg?wsr\" \/>\n\t<meta property=\"og:image:width\" content=\"4247\" \/>\n\t<meta property=\"og:image:height\" content=\"891\" \/>\n\t<meta property=\"og:image:type\" content=\"image\/jpeg\" \/>\n<meta name=\"twitter:card\" content=\"summary_large_image\" \/>\n<meta name=\"twitter:label1\" content=\"Estimated reading time\" \/>\n\t<meta name=\"twitter:data1\" content=\"3 minutes\" \/>\n<script type=\"application\/ld+json\" class=\"yoast-schema-graph\">{\"@context\":\"https:\\\/\\\/schema.org\",\"@graph\":[{\"@type\":\"WebPage\",\"@id\":\"https:\\\/\\\/muovipoli.fi\\\/hankkeet\\\/huuma\\\/\",\"url\":\"https:\\\/\\\/muovipoli.fi\\\/hankkeet\\\/huuma\\\/\",\"name\":\"HUUMA - Kasvibiomassan hiili uusiutuviksi materiaaleiksi - Muovipoli\",\"isPartOf\":{\"@id\":\"https:\\\/\\\/muovipoli.fi\\\/#website\"},\"primaryImageOfPage\":{\"@id\":\"https:\\\/\\\/muovipoli.fi\\\/hankkeet\\\/huuma\\\/#primaryimage\"},\"image\":{\"@id\":\"https:\\\/\\\/muovipoli.fi\\\/hankkeet\\\/huuma\\\/#primaryimage\"},\"thumbnailUrl\":\"https:\\\/\\\/muovipoli.fi\\\/wp-content\\\/uploads\\\/2025\\\/03\\\/FI-Euroopan-unionin-osarahoittama_PANTONE-1.jpg\",\"datePublished\":\"2025-04-03T07:54:17+00:00\",\"dateModified\":\"2025-04-23T10:48:33+00:00\",\"breadcrumb\":{\"@id\":\"https:\\\/\\\/muovipoli.fi\\\/hankkeet\\\/huuma\\\/#breadcrumb\"},\"inLanguage\":\"en-GB\",\"potentialAction\":[{\"@type\":\"ReadAction\",\"target\":[\"https:\\\/\\\/muovipoli.fi\\\/hankkeet\\\/huuma\\\/\"]}]},{\"@type\":\"ImageObject\",\"inLanguage\":\"en-GB\",\"@id\":\"https:\\\/\\\/muovipoli.fi\\\/hankkeet\\\/huuma\\\/#primaryimage\",\"url\":\"https:\\\/\\\/muovipoli.fi\\\/wp-content\\\/uploads\\\/2025\\\/03\\\/FI-Euroopan-unionin-osarahoittama_PANTONE-1.jpg\",\"contentUrl\":\"https:\\\/\\\/muovipoli.fi\\\/wp-content\\\/uploads\\\/2025\\\/03\\\/FI-Euroopan-unionin-osarahoittama_PANTONE-1.jpg\"},{\"@type\":\"BreadcrumbList\",\"@id\":\"https:\\\/\\\/muovipoli.fi\\\/hankkeet\\\/huuma\\\/#breadcrumb\",\"itemListElement\":[{\"@type\":\"ListItem\",\"position\":1,\"name\":\"Home\",\"item\":\"https:\\\/\\\/muovipoli.fi\\\/\"},{\"@type\":\"ListItem\",\"position\":2,\"name\":\"Hankkeet\",\"item\":\"https:\\\/\\\/muovipoli.fi\\\/hankkeet\\\/\"},{\"@type\":\"ListItem\",\"position\":3,\"name\":\"HUUMA &#8211; Kasvibiomassan hiili uusiutuviksi materiaaleiksi\"}]},{\"@type\":\"WebSite\",\"@id\":\"https:\\\/\\\/muovipoli.fi\\\/#website\",\"url\":\"https:\\\/\\\/muovipoli.fi\\\/\",\"name\":\"Muovipoli\",\"description\":\"Huomisen innovaatioita muoveja k\u00e4ytt\u00e4v\u00e4lle teollisuudelle\",\"publisher\":{\"@id\":\"https:\\\/\\\/muovipoli.fi\\\/#organization\"},\"potentialAction\":[{\"@type\":\"SearchAction\",\"target\":{\"@type\":\"EntryPoint\",\"urlTemplate\":\"https:\\\/\\\/muovipoli.fi\\\/?s={search_term_string}\"},\"query-input\":{\"@type\":\"PropertyValueSpecification\",\"valueRequired\":true,\"valueName\":\"search_term_string\"}}],\"inLanguage\":\"en-GB\"},{\"@type\":\"Organization\",\"@id\":\"https:\\\/\\\/muovipoli.fi\\\/#organization\",\"name\":\"Muovipoli\",\"url\":\"https:\\\/\\\/muovipoli.fi\\\/\",\"logo\":{\"@type\":\"ImageObject\",\"inLanguage\":\"en-GB\",\"@id\":\"https:\\\/\\\/muovipoli.fi\\\/#\\\/schema\\\/logo\\\/image\\\/\",\"url\":\"https:\\\/\\\/muovipoli.fi\\\/wp-content\\\/uploads\\\/2024\\\/10\\\/muovipoli_logo.png?wsr\",\"contentUrl\":\"https:\\\/\\\/muovipoli.fi\\\/wp-content\\\/uploads\\\/2024\\\/10\\\/muovipoli_logo.png?wsr\",\"width\":540,\"height\":91,\"caption\":\"Muovipoli\"},\"image\":{\"@id\":\"https:\\\/\\\/muovipoli.fi\\\/#\\\/schema\\\/logo\\\/image\\\/\"}}]}<\/script>\n<!-- \/ Yoast SEO plugin. -->","yoast_head_json":{"title":"HUUMA - Kasvibiomassan hiili uusiutuviksi materiaaleiksi - Muovipoli","robots":{"index":"index","follow":"follow","max-snippet":"max-snippet:-1","max-image-preview":"max-image-preview:large","max-video-preview":"max-video-preview:-1"},"canonical":"https:\/\/muovipoli.fi\/en\/hankkeet\/huuma\/","og_locale":"en_GB","og_type":"article","og_title":"HUUMA - Kasvibiomassan hiili uusiutuviksi materiaaleiksi - Muovipoli","og_description":"Mets\u00e4teollisuuden j\u00e4tevesiss\u00e4, maatalouden j\u00e4tteiss\u00e4, sek\u00e4 muissa mahdollisissa orgaanisissa j\u00e4tejakeissa on j\u00e4ljell\u00e4 huomattavan paljon muun muassa sokeri- ja sokeripolymeeripitoisia hiilt\u00e4 sis\u00e4lt\u00e4vi\u00e4 ravinteita. N\u00e4iden hy\u00f6dynt\u00e4miselle on tunnistettu tarve, johon voidaan vastata esimerkiksi tuottamalla bioreaktoreissa biohajoavia\/ kompostoituvia polyhydroksyalkaonaatteja (PHA). Mets\u00e4teollisuuden biojalostamot tuottavat t\u00e4ll\u00e4 hetkell\u00e4 selluloosaa ja ligniini\u00e4, joiden jalostusasteen kasvattamiselle on tarve lis\u00e4arvon tuottamiseksi valmistamalla korkean jalostusasteen biopohjaisia ... Read more","og_url":"https:\/\/muovipoli.fi\/en\/hankkeet\/huuma\/","og_site_name":"Muovipoli","article_modified_time":"2025-04-23T10:48:33+00:00","og_image":[{"width":4247,"height":891,"url":"https:\/\/muovipoli.fi\/wp-content\/uploads\/2025\/03\/FI-Euroopan-unionin-osarahoittama_PANTONE-1.jpg?wsr","type":"image\/jpeg"}],"twitter_card":"summary_large_image","twitter_misc":{"Estimated reading time":"3 minutes"},"schema":{"@context":"https:\/\/schema.org","@graph":[{"@type":"WebPage","@id":"https:\/\/muovipoli.fi\/hankkeet\/huuma\/","url":"https:\/\/muovipoli.fi\/hankkeet\/huuma\/","name":"HUUMA - Kasvibiomassan hiili uusiutuviksi materiaaleiksi - Muovipoli","isPartOf":{"@id":"https:\/\/muovipoli.fi\/#website"},"primaryImageOfPage":{"@id":"https:\/\/muovipoli.fi\/hankkeet\/huuma\/#primaryimage"},"image":{"@id":"https:\/\/muovipoli.fi\/hankkeet\/huuma\/#primaryimage"},"thumbnailUrl":"https:\/\/muovipoli.fi\/wp-content\/uploads\/2025\/03\/FI-Euroopan-unionin-osarahoittama_PANTONE-1.jpg","datePublished":"2025-04-03T07:54:17+00:00","dateModified":"2025-04-23T10:48:33+00:00","breadcrumb":{"@id":"https:\/\/muovipoli.fi\/hankkeet\/huuma\/#breadcrumb"},"inLanguage":"en-GB","potentialAction":[{"@type":"ReadAction","target":["https:\/\/muovipoli.fi\/hankkeet\/huuma\/"]}]},{"@type":"ImageObject","inLanguage":"en-GB","@id":"https:\/\/muovipoli.fi\/hankkeet\/huuma\/#primaryimage","url":"https:\/\/muovipoli.fi\/wp-content\/uploads\/2025\/03\/FI-Euroopan-unionin-osarahoittama_PANTONE-1.jpg","contentUrl":"https:\/\/muovipoli.fi\/wp-content\/uploads\/2025\/03\/FI-Euroopan-unionin-osarahoittama_PANTONE-1.jpg"},{"@type":"BreadcrumbList","@id":"https:\/\/muovipoli.fi\/hankkeet\/huuma\/#breadcrumb","itemListElement":[{"@type":"ListItem","position":1,"name":"Home","item":"https:\/\/muovipoli.fi\/"},{"@type":"ListItem","position":2,"name":"Hankkeet","item":"https:\/\/muovipoli.fi\/hankkeet\/"},{"@type":"ListItem","position":3,"name":"HUUMA &#8211; Kasvibiomassan hiili uusiutuviksi materiaaleiksi"}]},{"@type":"WebSite","@id":"https:\/\/muovipoli.fi\/#website","url":"https:\/\/muovipoli.fi\/","name":"Muovipoli","description":"Huomisen innovaatioita muoveja k\u00e4ytt\u00e4v\u00e4lle teollisuudelle","publisher":{"@id":"https:\/\/muovipoli.fi\/#organization"},"potentialAction":[{"@type":"SearchAction","target":{"@type":"EntryPoint","urlTemplate":"https:\/\/muovipoli.fi\/?s={search_term_string}"},"query-input":{"@type":"PropertyValueSpecification","valueRequired":true,"valueName":"search_term_string"}}],"inLanguage":"en-GB"},{"@type":"Organization","@id":"https:\/\/muovipoli.fi\/#organization","name":"Muovipoli","url":"https:\/\/muovipoli.fi\/","logo":{"@type":"ImageObject","inLanguage":"en-GB","@id":"https:\/\/muovipoli.fi\/#\/schema\/logo\/image\/","url":"https:\/\/muovipoli.fi\/wp-content\/uploads\/2024\/10\/muovipoli_logo.png?wsr","contentUrl":"https:\/\/muovipoli.fi\/wp-content\/uploads\/2024\/10\/muovipoli_logo.png?wsr","width":540,"height":91,"caption":"Muovipoli"},"image":{"@id":"https:\/\/muovipoli.fi\/#\/schema\/logo\/image\/"}}]}},"_links":{"self":[{"href":"https:\/\/muovipoli.fi\/en\/wp-json\/wp\/v2\/pages\/1423","targetHints":{"allow":["GET"]}}],"collection":[{"href":"https:\/\/muovipoli.fi\/en\/wp-json\/wp\/v2\/pages"}],"about":[{"href":"https:\/\/muovipoli.fi\/en\/wp-json\/wp\/v2\/types\/page"}],"author":[{"embeddable":true,"href":"https:\/\/muovipoli.fi\/en\/wp-json\/wp\/v2\/users\/1"}],"replies":[{"embeddable":true,"href":"https:\/\/muovipoli.fi\/en\/wp-json\/wp\/v2\/comments?post=1423"}],"version-history":[{"count":10,"href":"https:\/\/muovipoli.fi\/en\/wp-json\/wp\/v2\/pages\/1423\/revisions"}],"predecessor-version":[{"id":1473,"href":"https:\/\/muovipoli.fi\/en\/wp-json\/wp\/v2\/pages\/1423\/revisions\/1473"}],"up":[{"embeddable":true,"href":"https:\/\/muovipoli.fi\/en\/wp-json\/wp\/v2\/pages\/93"}],"wp:attachment":[{"href":"https:\/\/muovipoli.fi\/en\/wp-json\/wp\/v2\/media?parent=1423"}],"curies":[{"name":"wp","href":"https:\/\/api.w.org\/{rel}","templated":true}]}}