{"id":73,"date":"2024-10-22T07:12:00","date_gmt":"2024-10-22T07:12:00","guid":{"rendered":"https:\/\/muovipoli.fi.wwwdev2.kyberjoukot.fi\/?page_id=73"},"modified":"2025-06-26T09:46:34","modified_gmt":"2025-06-26T06:46:34","slug":"expert-services","status":"publish","type":"page","link":"https:\/\/muovipoli.fi\/en\/expert-services\/","title":{"rendered":"Expert Services"},"content":{"rendered":"<div class=\"wp-block-cover is-light cover-full cover-hero\" style=\"min-height:700px;aspect-ratio:unset;\"><img loading=\"lazy\" decoding=\"async\" width=\"2600\" height=\"955\" class=\"wp-block-cover__image-background wp-image-418\" alt=\"\" src=\"https:\/\/muovipoli.fi\/wp-content\/uploads\/2024\/11\/muovipoli_asiantuntijapalvelut_banneri.jpg\" data-object-fit=\"cover\" srcset=\"https:\/\/muovipoli.fi\/wp-content\/uploads\/2024\/11\/muovipoli_asiantuntijapalvelut_banneri.jpg 2600w, https:\/\/muovipoli.fi\/wp-content\/uploads\/2024\/11\/muovipoli_asiantuntijapalvelut_banneri-18x7.jpg 18w\" sizes=\"auto, (max-width: 2600px) 100vw, 2600px\" \/><span aria-hidden=\"true\" class=\"wp-block-cover__background has-background-dim-0 has-background-dim\" style=\"background-color:#00545f\"><\/span><div class=\"wp-block-cover__inner-container is-layout-constrained wp-block-cover-is-layout-constrained\">\n<p><\/p>\n<\/div><\/div>\n\n\n\n<div class=\"wp-block-cover cover-full cover-intro-secondary\" style=\"min-height:750px;aspect-ratio:unset;\"><span aria-hidden=\"true\" class=\"wp-block-cover__background has-background-dim-100 has-background-dim has-background-gradient\" style=\"background:linear-gradient(180deg,rgba(30,108,120,0) 0%,rgb(30,108,120) 19%)\"><\/span><div class=\"wp-block-cover__inner-container is-layout-constrained wp-block-cover-is-layout-constrained\">\n<h1 class=\"wp-block-heading has-base-3-color has-text-color has-link-color wp-elements-3a2aa913fa5af22469f978cf8851e04d\">Expert Services<\/h1>\n\n\n\n<div class=\"wp-block-columns is-layout-flex wp-container-core-columns-is-layout-9d6595d7 wp-block-columns-is-layout-flex\">\n<div class=\"wp-block-column is-layout-flow wp-block-column-is-layout-flow\">\n<div class=\"wp-block-group is-nowrap is-layout-flex wp-container-core-group-is-layout-ad2f72ca wp-block-group-is-layout-flex\">\n<figure class=\"wp-block-image size-full\"><img loading=\"lazy\" decoding=\"async\" width=\"112\" height=\"112\" src=\"https:\/\/muovipoli.fi\/wp-content\/uploads\/2024\/11\/muovipoli_asiantuntijapalvelut_symboli.png\" alt=\"\" class=\"wp-image-420\" srcset=\"https:\/\/muovipoli.fi\/wp-content\/uploads\/2024\/11\/muovipoli_asiantuntijapalvelut_symboli.png 112w, https:\/\/muovipoli.fi\/wp-content\/uploads\/2024\/11\/muovipoli_asiantuntijapalvelut_symboli-12x12.png 12w\" sizes=\"auto, (max-width: 112px) 100vw, 112px\" \/><\/figure>\n\n\n\n<h3 class=\"wp-block-heading has-base-3-color has-text-color has-link-color wp-elements-71cb4fa076ff1267754d89cda2b2644d translation-block\">Studies and research services<br>related to plastics<\/h3>\n<\/div>\n\n\n\n<p>Our expert services include various types of plastics-related research and case studies and consulting. We carry out material studies and raw material selection for new or existing products.<\/p>\n\n\n\n<p>We carry out manufacturing technology studies for plastic products, including the analysis of existing or new technologies, the related investment and cost calculations and the selection of manufacturing technologies.<\/p>\n\n\n\n<p>We also provide a range of recyclability analyses, literature studies, statements and other technology studies. We carry out recyclability tests and analyses of plastic packaging in our laboratory in connection with Sumi\u2019s KELPO recyclability calculator.<\/p>\n\n\n\n<p>We help in addressing the challenges posed by increasing regulation.<\/p>\n<\/div>\n\n\n\n<div class=\"wp-block-column is-layout-flow wp-block-column-is-layout-flow\">\n<figure class=\"wp-block-image size-full\"><img loading=\"lazy\" decoding=\"async\" width=\"640\" height=\"640\" src=\"https:\/\/muovipoli.fi\/wp-content\/uploads\/2024\/11\/muovipoli_asiantuntijapalvelut.jpg\" alt=\"\" class=\"wp-image-416\" srcset=\"https:\/\/muovipoli.fi\/wp-content\/uploads\/2024\/11\/muovipoli_asiantuntijapalvelut.jpg 640w, https:\/\/muovipoli.fi\/wp-content\/uploads\/2024\/11\/muovipoli_asiantuntijapalvelut-12x12.jpg 12w\" sizes=\"auto, (max-width: 640px) 100vw, 640px\" \/><\/figure>\n<\/div>\n<\/div>\n<\/div><\/div>\n\n\n\n<div style=\"height:5rem\" aria-hidden=\"true\" class=\"wp-block-spacer\"><\/div>\n\n\n\n<div class=\"wp-block-columns is-layout-flex wp-container-core-columns-is-layout-9d6595d7 wp-block-columns-is-layout-flex\">\n<div class=\"wp-block-column is-layout-flow wp-block-column-is-layout-flow\">\n<h3 class=\"wp-block-heading\">Expert Services<\/h3>\n\n\n\n<p>All our expert services are fully customisable. Contact us to see how we can help you.<\/p>\n\n\n\n<ul class=\"wp-block-list\">\n<li>Material studies and raw material selection<\/li>\n\n\n\n<li>Manufacturing technology studies<\/li>\n\n\n\n<li>Investment and cost calculations for new technologies<\/li>\n\n\n\n<li>Recyclability analyses, literature studies and consulting<\/li>\n\n\n\n<li>Plastic packaging recyclability tests and analyses<\/li>\n\n\n\n<li>Regulatory and standards studies<\/li>\n\n\n\n<li>Recyclability tests and analyses in our laboratory related to<br>Sumi\u2019s KELPO recyclability calculator<\/li>\n<\/ul>\n<\/div>\n\n\n\n<div class=\"wp-block-column is-vertically-aligned-top is-layout-flow wp-block-column-is-layout-flow\">\n<div class=\"wp-block-group row-extended has-mp-mint-background-color has-background is-nowrap is-layout-flex wp-container-core-group-is-layout-ad2f72ca wp-block-group-is-layout-flex\">\n<figure class=\"wp-block-image size-large\"><img decoding=\"async\" src=\"https:\/\/muovipoli.fi\/wp-content\/uploads\/2024\/11\/jenni_syvanne_ap.jpg\" alt=\"\"\/><\/figure>\n\n\n\n<div class=\"wp-block-group is-vertical is-layout-flex wp-container-core-group-is-layout-8cf370e7 wp-block-group-is-layout-flex\">\n<h4 class=\"wp-block-heading\">Contact our<br>plastics specialist<\/h4>\n\n\n\n<p><strong>Jenni Syv\u00e4nne<\/strong><br>Project Manager<br>M.Sc. (Tech.), Materials Engineering<br>+358 (0)50 374 9906<br>jenni.syvanne@muovipoli.fi<\/p>\n<\/div>\n<\/div>\n<\/div>\n<\/div>\n\n\n\n<h2 class=\"wp-block-heading has-text-align-center header-quote has-mp-green-color has-text-color has-link-color wp-elements-41a8d41419fc05142975dc97d546c51d\">\u201cOur experts will work on-site with your project team. We guarantee absolute confidentiality as part of our policy.\u201d<\/h2>\n\n\n\n<h2 class=\"wp-block-heading has-text-align-center\">See also<\/h2>\n\n\n\n<div style=\"height:1rem\" aria-hidden=\"true\" class=\"wp-block-spacer\"><\/div>\n\n\n\n<div class=\"wp-block-columns is-layout-flex wp-container-core-columns-is-layout-9d6595d7 wp-block-columns-is-layout-flex\">\n<div class=\"wp-block-column is-layout-flow wp-block-column-is-layout-flow\">\n<div class=\"wp-block-cover cover-other-services\" style=\"min-height:560px;aspect-ratio:unset;\"><img loading=\"lazy\" decoding=\"async\" width=\"620\" height=\"560\" class=\"wp-block-cover__image-background wp-image-422\" alt=\"\" src=\"https:\/\/muovipoli.fi\/wp-content\/uploads\/2024\/11\/muovipoli_projektipalvelut_linkki.jpg\" data-object-fit=\"cover\" srcset=\"https:\/\/muovipoli.fi\/wp-content\/uploads\/2024\/11\/muovipoli_projektipalvelut_linkki.jpg 620w, https:\/\/muovipoli.fi\/wp-content\/uploads\/2024\/11\/muovipoli_projektipalvelut_linkki-13x12.jpg 13w\" sizes=\"auto, (max-width: 620px) 100vw, 620px\" \/><span aria-hidden=\"true\" class=\"wp-block-cover__background has-background-dim-0 has-background-dim\" style=\"background-color:#075159\"><\/span><div class=\"wp-block-cover__inner-container is-layout-constrained wp-block-cover-is-layout-constrained\">\n<h2 class=\"wp-block-heading has-text-align-center has-base-3-color has-text-color has-link-color wp-elements-3f45a8bef445e071d8a2fdcf7fa5454c\">Project Services<\/h2>\n\n\n\n<p class=\"has-text-align-center\">Smaller studies can be scaled up to a larger project with the help of our project services. We can also help with the RDI funding application process and implementation of a product or service idea as a whole.<\/p>\n\n\n\n<div class=\"wp-block-buttons is-content-justification-center is-layout-flex wp-container-core-buttons-is-layout-16018d1d wp-block-buttons-is-layout-flex\">\n<div class=\"wp-block-button\"><a class=\"wp-block-button__link wp-element-button\" href=\"https:\/\/muovipoli.fi\/en\/project-services\/\">About Us<\/a><\/div>\n<\/div>\n<\/div><\/div>\n<\/div>\n\n\n\n<div class=\"wp-block-column is-layout-flow wp-block-column-is-layout-flow\">\n<div class=\"wp-block-cover cover-other-services\" style=\"min-height:560px;aspect-ratio:unset;\"><img loading=\"lazy\" decoding=\"async\" width=\"620\" height=\"560\" class=\"wp-block-cover__image-background wp-image-424\" alt=\"\" src=\"https:\/\/muovipoli.fi\/wp-content\/uploads\/2024\/11\/muovipoli_testauspalvelut_linkki.jpg\" data-object-fit=\"cover\" srcset=\"https:\/\/muovipoli.fi\/wp-content\/uploads\/2024\/11\/muovipoli_testauspalvelut_linkki.jpg 620w, https:\/\/muovipoli.fi\/wp-content\/uploads\/2024\/11\/muovipoli_testauspalvelut_linkki-13x12.jpg 13w\" sizes=\"auto, (max-width: 620px) 100vw, 620px\" \/><span aria-hidden=\"true\" class=\"wp-block-cover__background has-background-dim-0 has-background-dim\" style=\"background-color:#074d5c\"><\/span><div class=\"wp-block-cover__inner-container is-layout-constrained wp-block-cover-is-layout-constrained\">\n<h2 class=\"wp-block-heading has-text-align-center has-base-3-color has-text-color has-link-color wp-elements-16f32b46bf8c44a4b302859f4b10263a\">Testing &amp; Processing Services<\/h2>\n\n\n\n<p class=\"has-text-align-center\">Product development or quality control can be complemented by testing and processing services.<\/p>\n\n\n\n<div class=\"wp-block-buttons is-content-justification-center is-layout-flex wp-container-core-buttons-is-layout-16018d1d wp-block-buttons-is-layout-flex\">\n<div class=\"wp-block-button\"><a class=\"wp-block-button__link wp-element-button\" href=\"https:\/\/muovipoli.fi\/en\/testing-and-processing-services\/\">About Us<\/a><\/div>\n<\/div>\n<\/div><\/div>\n<\/div>\n<\/div>\n\n\n\n<div style=\"height:3rem\" aria-hidden=\"true\" class=\"wp-block-spacer\"><\/div>","protected":false},"excerpt":{"rendered":"<p>R\u00e4\u00e4t\u00e4l\u00f6idyt asiantuntijapalvelut Kaikki asiantuntijapalvelumme ovat t\u00e4ysin r\u00e4\u00e4t\u00e4l\u00f6it\u00e4viss\u00e4 tarpeisiinne sopivaksi. Ota yhteytt\u00e4, niin katsotaan miten voimme olla avuksi. Ota yhteytt\u00e4 muovienasiantuntijaamme Jenni Syv\u00e4nneProjektip\u00e4\u00e4llikk\u00f6DI, materiaalitekniikka+358 (0)50 374 9906jenni.syvanne@muovipoli.fi \u201dAsiantuntijamme palvelevat projektitiimiss\u00e4nne paikan p\u00e4\u00e4ll\u00e4. Ehdoton luottamuksellisuus kuuluu toimintaperiaatteisiimme.\u201d Tutustu my\u00f6s<\/p>","protected":false},"author":1,"featured_media":0,"parent":0,"menu_order":0,"comment_status":"closed","ping_status":"closed","template":"","meta":{"footnotes":""},"class_list":["post-73","page","type-page","status-publish"],"yoast_head":"<!-- This site is optimized with the Yoast SEO plugin v27.6 - https:\/\/yoast.com\/product\/yoast-seo-wordpress\/ -->\n<title>Asiantuntijapalvelut - Muovipoli<\/title>\n<meta name=\"robots\" content=\"index, follow, max-snippet:-1, max-image-preview:large, max-video-preview:-1\" \/>\n<link rel=\"canonical\" href=\"https:\/\/muovipoli.fi\/en\/expert-services\/\" \/>\n<meta property=\"og:locale\" content=\"en_GB\" \/>\n<meta property=\"og:type\" content=\"article\" \/>\n<meta property=\"og:title\" content=\"Asiantuntijapalvelut - Muovipoli\" \/>\n<meta property=\"og:description\" content=\"R\u00e4\u00e4t\u00e4l\u00f6idyt asiantuntijapalvelut Kaikki asiantuntijapalvelumme ovat t\u00e4ysin r\u00e4\u00e4t\u00e4l\u00f6it\u00e4viss\u00e4 tarpeisiinne sopivaksi. Ota yhteytt\u00e4, niin katsotaan miten voimme olla avuksi. Ota yhteytt\u00e4 muovienasiantuntijaamme Jenni Syv\u00e4nneProjektip\u00e4\u00e4llikk\u00f6DI, materiaalitekniikka+358 (0)50 374 9906jenni.syvanne@muovipoli.fi \u201dAsiantuntijamme palvelevat projektitiimiss\u00e4nne paikan p\u00e4\u00e4ll\u00e4. Ehdoton luottamuksellisuus kuuluu toimintaperiaatteisiimme.\u201d Tutustu my\u00f6s\" \/>\n<meta property=\"og:url\" content=\"https:\/\/muovipoli.fi\/en\/expert-services\/\" \/>\n<meta property=\"og:site_name\" content=\"Muovipoli\" \/>\n<meta property=\"article:modified_time\" content=\"2025-06-26T06:46:34+00:00\" \/>\n<meta property=\"og:image\" content=\"https:\/\/muovipoli.fi\/wp-content\/uploads\/2024\/11\/muovipoli_asiantuntijapalvelut_banneri.jpg?wsr\" \/>\n\t<meta property=\"og:image:width\" content=\"2600\" \/>\n\t<meta property=\"og:image:height\" content=\"955\" \/>\n\t<meta property=\"og:image:type\" content=\"image\/jpeg\" \/>\n<meta name=\"twitter:card\" content=\"summary_large_image\" \/>\n<meta name=\"twitter:label1\" content=\"Estimated reading time\" \/>\n\t<meta name=\"twitter:data1\" content=\"3 minutes\" \/>\n<script type=\"application\/ld+json\" class=\"yoast-schema-graph\">{\"@context\":\"https:\\\/\\\/schema.org\",\"@graph\":[{\"@type\":\"WebPage\",\"@id\":\"https:\\\/\\\/muovipoli.fi\\\/asiantuntijapalvelut\\\/\",\"url\":\"https:\\\/\\\/muovipoli.fi\\\/asiantuntijapalvelut\\\/\",\"name\":\"Asiantuntijapalvelut - Muovipoli\",\"isPartOf\":{\"@id\":\"https:\\\/\\\/muovipoli.fi\\\/#website\"},\"primaryImageOfPage\":{\"@id\":\"https:\\\/\\\/muovipoli.fi\\\/asiantuntijapalvelut\\\/#primaryimage\"},\"image\":{\"@id\":\"https:\\\/\\\/muovipoli.fi\\\/asiantuntijapalvelut\\\/#primaryimage\"},\"thumbnailUrl\":\"https:\\\/\\\/muovipoli.fi\\\/wp-content\\\/uploads\\\/2024\\\/11\\\/muovipoli_asiantuntijapalvelut_banneri.jpg\",\"datePublished\":\"2024-10-22T07:12:00+00:00\",\"dateModified\":\"2025-06-26T06:46:34+00:00\",\"breadcrumb\":{\"@id\":\"https:\\\/\\\/muovipoli.fi\\\/asiantuntijapalvelut\\\/#breadcrumb\"},\"inLanguage\":\"en-GB\",\"potentialAction\":[{\"@type\":\"ReadAction\",\"target\":[\"https:\\\/\\\/muovipoli.fi\\\/asiantuntijapalvelut\\\/\"]}]},{\"@type\":\"ImageObject\",\"inLanguage\":\"en-GB\",\"@id\":\"https:\\\/\\\/muovipoli.fi\\\/asiantuntijapalvelut\\\/#primaryimage\",\"url\":\"https:\\\/\\\/muovipoli.fi\\\/wp-content\\\/uploads\\\/2024\\\/11\\\/muovipoli_asiantuntijapalvelut_banneri.jpg\",\"contentUrl\":\"https:\\\/\\\/muovipoli.fi\\\/wp-content\\\/uploads\\\/2024\\\/11\\\/muovipoli_asiantuntijapalvelut_banneri.jpg\"},{\"@type\":\"BreadcrumbList\",\"@id\":\"https:\\\/\\\/muovipoli.fi\\\/asiantuntijapalvelut\\\/#breadcrumb\",\"itemListElement\":[{\"@type\":\"ListItem\",\"position\":1,\"name\":\"Home\",\"item\":\"https:\\\/\\\/muovipoli.fi\\\/\"},{\"@type\":\"ListItem\",\"position\":2,\"name\":\"Asiantuntijapalvelut\"}]},{\"@type\":\"WebSite\",\"@id\":\"https:\\\/\\\/muovipoli.fi\\\/#website\",\"url\":\"https:\\\/\\\/muovipoli.fi\\\/\",\"name\":\"Muovipoli\",\"description\":\"Huomisen innovaatioita muoveja k\u00e4ytt\u00e4v\u00e4lle teollisuudelle\",\"publisher\":{\"@id\":\"https:\\\/\\\/muovipoli.fi\\\/#organization\"},\"potentialAction\":[{\"@type\":\"SearchAction\",\"target\":{\"@type\":\"EntryPoint\",\"urlTemplate\":\"https:\\\/\\\/muovipoli.fi\\\/?s={search_term_string}\"},\"query-input\":{\"@type\":\"PropertyValueSpecification\",\"valueRequired\":true,\"valueName\":\"search_term_string\"}}],\"inLanguage\":\"en-GB\"},{\"@type\":\"Organization\",\"@id\":\"https:\\\/\\\/muovipoli.fi\\\/#organization\",\"name\":\"Muovipoli\",\"url\":\"https:\\\/\\\/muovipoli.fi\\\/\",\"logo\":{\"@type\":\"ImageObject\",\"inLanguage\":\"en-GB\",\"@id\":\"https:\\\/\\\/muovipoli.fi\\\/#\\\/schema\\\/logo\\\/image\\\/\",\"url\":\"https:\\\/\\\/muovipoli.fi\\\/wp-content\\\/uploads\\\/2024\\\/10\\\/muovipoli_logo.png?wsr\",\"contentUrl\":\"https:\\\/\\\/muovipoli.fi\\\/wp-content\\\/uploads\\\/2024\\\/10\\\/muovipoli_logo.png?wsr\",\"width\":540,\"height\":91,\"caption\":\"Muovipoli\"},\"image\":{\"@id\":\"https:\\\/\\\/muovipoli.fi\\\/#\\\/schema\\\/logo\\\/image\\\/\"}}]}<\/script>\n<!-- \/ Yoast SEO plugin. -->","yoast_head_json":{"title":"Expert Services - Muovipoli","robots":{"index":"index","follow":"follow","max-snippet":"max-snippet:-1","max-image-preview":"max-image-preview:large","max-video-preview":"max-video-preview:-1"},"canonical":"https:\/\/muovipoli.fi\/en\/expert-services\/","og_locale":"en_GB","og_type":"article","og_title":"Asiantuntijapalvelut - Muovipoli","og_description":"R\u00e4\u00e4t\u00e4l\u00f6idyt asiantuntijapalvelut Kaikki asiantuntijapalvelumme ovat t\u00e4ysin r\u00e4\u00e4t\u00e4l\u00f6it\u00e4viss\u00e4 tarpeisiinne sopivaksi. Ota yhteytt\u00e4, niin katsotaan miten voimme olla avuksi. Ota yhteytt\u00e4 muovienasiantuntijaamme Jenni Syv\u00e4nneProjektip\u00e4\u00e4llikk\u00f6DI, materiaalitekniikka+358 (0)50 374 9906jenni.syvanne@muovipoli.fi \u201dAsiantuntijamme palvelevat projektitiimiss\u00e4nne paikan p\u00e4\u00e4ll\u00e4. Ehdoton luottamuksellisuus kuuluu toimintaperiaatteisiimme.\u201d Tutustu my\u00f6s","og_url":"https:\/\/muovipoli.fi\/en\/expert-services\/","og_site_name":"Muovipoli","article_modified_time":"2025-06-26T06:46:34+00:00","og_image":[{"width":2600,"height":955,"url":"https:\/\/muovipoli.fi\/wp-content\/uploads\/2024\/11\/muovipoli_asiantuntijapalvelut_banneri.jpg?wsr","type":"image\/jpeg"}],"twitter_card":"summary_large_image","twitter_misc":{"Estimated reading time":"3 minutes"},"schema":{"@context":"https:\/\/schema.org","@graph":[{"@type":"WebPage","@id":"https:\/\/muovipoli.fi\/asiantuntijapalvelut\/","url":"https:\/\/muovipoli.fi\/asiantuntijapalvelut\/","name":"Expert Services - Muovipoli","isPartOf":{"@id":"https:\/\/muovipoli.fi\/#website"},"primaryImageOfPage":{"@id":"https:\/\/muovipoli.fi\/asiantuntijapalvelut\/#primaryimage"},"image":{"@id":"https:\/\/muovipoli.fi\/asiantuntijapalvelut\/#primaryimage"},"thumbnailUrl":"https:\/\/muovipoli.fi\/wp-content\/uploads\/2024\/11\/muovipoli_asiantuntijapalvelut_banneri.jpg","datePublished":"2024-10-22T07:12:00+00:00","dateModified":"2025-06-26T06:46:34+00:00","breadcrumb":{"@id":"https:\/\/muovipoli.fi\/asiantuntijapalvelut\/#breadcrumb"},"inLanguage":"en-GB","potentialAction":[{"@type":"ReadAction","target":["https:\/\/muovipoli.fi\/asiantuntijapalvelut\/"]}]},{"@type":"ImageObject","inLanguage":"en-GB","@id":"https:\/\/muovipoli.fi\/asiantuntijapalvelut\/#primaryimage","url":"https:\/\/muovipoli.fi\/wp-content\/uploads\/2024\/11\/muovipoli_asiantuntijapalvelut_banneri.jpg","contentUrl":"https:\/\/muovipoli.fi\/wp-content\/uploads\/2024\/11\/muovipoli_asiantuntijapalvelut_banneri.jpg"},{"@type":"BreadcrumbList","@id":"https:\/\/muovipoli.fi\/asiantuntijapalvelut\/#breadcrumb","itemListElement":[{"@type":"ListItem","position":1,"name":"Home","item":"https:\/\/muovipoli.fi\/"},{"@type":"ListItem","position":2,"name":"Asiantuntijapalvelut"}]},{"@type":"WebSite","@id":"https:\/\/muovipoli.fi\/#website","url":"https:\/\/muovipoli.fi\/","name":"Muovipoli","description":"Huomisen innovaatioita muoveja k\u00e4ytt\u00e4v\u00e4lle teollisuudelle","publisher":{"@id":"https:\/\/muovipoli.fi\/#organization"},"potentialAction":[{"@type":"SearchAction","target":{"@type":"EntryPoint","urlTemplate":"https:\/\/muovipoli.fi\/?s={search_term_string}"},"query-input":{"@type":"PropertyValueSpecification","valueRequired":true,"valueName":"search_term_string"}}],"inLanguage":"en-GB"},{"@type":"Organization","@id":"https:\/\/muovipoli.fi\/#organization","name":"Muovipoli","url":"https:\/\/muovipoli.fi\/","logo":{"@type":"ImageObject","inLanguage":"en-GB","@id":"https:\/\/muovipoli.fi\/#\/schema\/logo\/image\/","url":"https:\/\/muovipoli.fi\/wp-content\/uploads\/2024\/10\/muovipoli_logo.png?wsr","contentUrl":"https:\/\/muovipoli.fi\/wp-content\/uploads\/2024\/10\/muovipoli_logo.png?wsr","width":540,"height":91,"caption":"Muovipoli"},"image":{"@id":"https:\/\/muovipoli.fi\/#\/schema\/logo\/image\/"}}]}},"_links":{"self":[{"href":"https:\/\/muovipoli.fi\/en\/wp-json\/wp\/v2\/pages\/73","targetHints":{"allow":["GET"]}}],"collection":[{"href":"https:\/\/muovipoli.fi\/en\/wp-json\/wp\/v2\/pages"}],"about":[{"href":"https:\/\/muovipoli.fi\/en\/wp-json\/wp\/v2\/types\/page"}],"author":[{"embeddable":true,"href":"https:\/\/muovipoli.fi\/en\/wp-json\/wp\/v2\/users\/1"}],"replies":[{"embeddable":true,"href":"https:\/\/muovipoli.fi\/en\/wp-json\/wp\/v2\/comments?post=73"}],"version-history":[{"count":36,"href":"https:\/\/muovipoli.fi\/en\/wp-json\/wp\/v2\/pages\/73\/revisions"}],"predecessor-version":[{"id":1590,"href":"https:\/\/muovipoli.fi\/en\/wp-json\/wp\/v2\/pages\/73\/revisions\/1590"}],"wp:attachment":[{"href":"https:\/\/muovipoli.fi\/en\/wp-json\/wp\/v2\/media?parent=73"}],"curies":[{"name":"wp","href":"https:\/\/api.w.org\/{rel}","templated":true}]}}