{"id":77,"date":"2024-10-22T07:12:12","date_gmt":"2024-10-22T07:12:12","guid":{"rendered":"https:\/\/muovipoli.fi.wwwdev2.kyberjoukot.fi\/?page_id=77"},"modified":"2025-06-26T09:55:13","modified_gmt":"2025-06-26T06:55:13","slug":"project-services","status":"publish","type":"page","link":"https:\/\/muovipoli.fi\/en\/project-services\/","title":{"rendered":"Project Services"},"content":{"rendered":"<div class=\"wp-block-cover is-light cover-full cover-hero\" style=\"min-height:700px;aspect-ratio:unset;\"><img loading=\"lazy\" decoding=\"async\" width=\"2600\" height=\"956\" class=\"wp-block-cover__image-background wp-image-514\" alt=\"\" src=\"https:\/\/muovipoli.fi\/wp-content\/uploads\/2024\/11\/muovipoli_projektipalvelut_banneri.jpg\" data-object-fit=\"cover\" srcset=\"https:\/\/muovipoli.fi\/wp-content\/uploads\/2024\/11\/muovipoli_projektipalvelut_banneri.jpg 2600w, https:\/\/muovipoli.fi\/wp-content\/uploads\/2024\/11\/muovipoli_projektipalvelut_banneri-18x7.jpg 18w\" sizes=\"auto, (max-width: 2600px) 100vw, 2600px\" \/><span aria-hidden=\"true\" class=\"wp-block-cover__background has-background-dim-0 has-background-dim\" style=\"background-color:#00545f\"><\/span><div class=\"wp-block-cover__inner-container is-layout-constrained wp-block-cover-is-layout-constrained\">\n<p><\/p>\n<\/div><\/div>\n\n\n\n<div class=\"wp-block-cover cover-full cover-intro-secondary\" style=\"min-height:750px;aspect-ratio:unset;\"><span aria-hidden=\"true\" class=\"wp-block-cover__background has-background-dim-100 has-background-dim has-background-gradient\" style=\"background:linear-gradient(180deg,rgba(30,108,120,0) 0%,rgb(30,108,120) 19%)\"><\/span><div class=\"wp-block-cover__inner-container is-layout-constrained wp-block-cover-is-layout-constrained\">\n<h1 class=\"wp-block-heading has-base-3-color has-text-color has-link-color wp-elements-60d82f46279c1533c537681dd684b377\">Project Services<\/h1>\n\n\n\n<div class=\"wp-block-columns is-layout-flex wp-container-core-columns-is-layout-9d6595d7 wp-block-columns-is-layout-flex\">\n<div class=\"wp-block-column is-layout-flow wp-block-column-is-layout-flow\">\n<div class=\"wp-block-group is-nowrap is-layout-flex wp-container-core-group-is-layout-ad2f72ca wp-block-group-is-layout-flex\">\n<figure class=\"wp-block-image size-full\"><img loading=\"lazy\" decoding=\"async\" width=\"112\" height=\"112\" src=\"https:\/\/muovipoli.fi\/wp-content\/uploads\/2024\/11\/muovipoli_projektipalvelut_symboli.png\" alt=\"\" class=\"wp-image-516\" srcset=\"https:\/\/muovipoli.fi\/wp-content\/uploads\/2024\/11\/muovipoli_projektipalvelut_symboli.png 112w, https:\/\/muovipoli.fi\/wp-content\/uploads\/2024\/11\/muovipoli_projektipalvelut_symboli-12x12.png 12w\" sizes=\"auto, (max-width: 112px) 100vw, 112px\" \/><\/figure>\n\n\n\n<h3 class=\"wp-block-heading has-base-3-color has-text-color has-link-color wp-elements-5833e6c0b456dfbae32bc102cee56cc8\">Comprehensive services for more extensive development needs<\/h3>\n<\/div>\n\n\n\n<p>Our project services help when your company has a product idea or wants to innovate and develop existing products, production methods or business models. We find the right people, help you to raise external funding, coordinate and carry out the project.<\/p>\n\n\n\n<p>Most of our projects are industrial subcontracting projects. In addition to various product development projects, there have been projects related to areas such as side streams and plastics recycling, the use of bio-based raw materials and composite products.<\/p>\n\n\n\n<p class=\"translation-block\">We also work with plastics research and education organisations through joint projects to promote the industry and the plastics sector as a whole.<\/p>\n<\/div>\n\n\n\n<div class=\"wp-block-column is-layout-flow wp-block-column-is-layout-flow\">\n<figure class=\"wp-block-image size-full\"><img loading=\"lazy\" decoding=\"async\" width=\"640\" height=\"593\" src=\"https:\/\/muovipoli.fi\/wp-content\/uploads\/2024\/11\/muovipoli_projektipalvelut.jpg\" alt=\"\" class=\"wp-image-512\" srcset=\"https:\/\/muovipoli.fi\/wp-content\/uploads\/2024\/11\/muovipoli_projektipalvelut.jpg 640w, https:\/\/muovipoli.fi\/wp-content\/uploads\/2024\/11\/muovipoli_projektipalvelut-13x12.jpg 13w\" sizes=\"auto, (max-width: 640px) 100vw, 640px\" \/><\/figure>\n<\/div>\n<\/div>\n<\/div><\/div>\n\n\n\n<div style=\"height:5rem\" aria-hidden=\"true\" class=\"wp-block-spacer\"><\/div>\n\n\n\n<div class=\"wp-block-group group-tkonsepti\"><div class=\"wp-block-group__inner-container is-layout-constrained wp-block-group-is-layout-constrained\">\n<h3 class=\"wp-block-heading\">Our typical business concept is as follows:<\/h3>\n\n\n\n<figure data-wp-context=\"{&quot;imageId&quot;:&quot;69f2de2b415ed&quot;}\" data-wp-interactive=\"core\/image\" data-wp-key=\"69f2de2b415ed\" class=\"wp-block-image size-full wp-lightbox-container\"><img loading=\"lazy\" decoding=\"async\" width=\"1312\" height=\"792\" data-wp-class--hide=\"state.isContentHidden\" data-wp-class--show=\"state.isContentVisible\" data-wp-init=\"callbacks.setButtonStyles\" data-wp-on--click=\"actions.showLightbox\" data-wp-on--load=\"callbacks.setButtonStyles\" data-wp-on-window--resize=\"callbacks.setButtonStyles\" src=\"https:\/\/muovipoli.fi\/wp-content\/uploads\/2024\/12\/muovipoli_toimintakonsepti_teksteilla_en.png\" alt=\"\" class=\"wp-image-566\" srcset=\"https:\/\/muovipoli.fi\/wp-content\/uploads\/2024\/12\/muovipoli_toimintakonsepti_teksteilla_en.png 2734w, https:\/\/muovipoli.fi\/wp-content\/uploads\/2024\/12\/muovipoli_toimintakonsepti_teksteilla_en-18x12.png 18w\" sizes=\"auto, (max-width: 1312px) 100vw, 1312px\" \/><button\n\t\t\tclass=\"lightbox-trigger\"\n\t\t\ttype=\"button\"\n\t\t\taria-haspopup=\"dialog\"\n\t\t\taria-label=\"Enlarge\"\n\t\t\tdata-wp-init=\"callbacks.initTriggerButton\"\n\t\t\tdata-wp-on--click=\"actions.showLightbox\"\n\t\t\tdata-wp-style--right=\"state.imageButtonRight\"\n\t\t\tdata-wp-style--top=\"state.imageButtonTop\"\n\t\t>\n\t\t\t<svg xmlns=\"http:\/\/www.w3.org\/2000\/svg\" width=\"12\" height=\"12\" fill=\"none\" viewbox=\"0 0 12 12\">\n\t\t\t\t<path fill=\"#fff\" d=\"M2 0a2 2 0 0 0-2 2v2h1.5V2a.5.5 0 0 1 .5-.5h2V0H2Zm2 10.5H2a.5.5 0 0 1-.5-.5V8H0v2a2 2 0 0 0 2 2h2v-1.5ZM8 12v-1.5h2a.5.5 0 0 0 .5-.5V8H12v2a2 2 0 0 1-2 2H8Zm2-12a2 2 0 0 1 2 2v2h-1.5V2a.5.5 0 0 0-.5-.5H8V0h2Z\" \/>\n\t\t\t<\/svg>\n\t\t<\/button><\/figure>\n<\/div><\/div>\n\n\n\n<div style=\"height:5rem\" aria-hidden=\"true\" class=\"wp-block-spacer\"><\/div>\n\n\n\n<div class=\"wp-block-columns is-layout-flex wp-container-core-columns-is-layout-9d6595d7 wp-block-columns-is-layout-flex\">\n<div class=\"wp-block-column is-layout-flow wp-block-column-is-layout-flow\">\n<h3 class=\"wp-block-heading\">Funding application and implementation<\/h3>\n\n\n\n<p>Are you planning to apply for RDI funding for your company? Our grant expert will help make the process easy and smooth so you can concentrate on your core business. The complexities of financing, identifying support options, conducting background research for applications, and submitting a well-prepared funding application require knowledge, precision and time.<\/p>\n\n\n\n<p>And what\u2019s the most sensible way to actually use the funding and distribute it over the coming years? We can help you with project implementation.<\/p>\n\n\n\n<p>We have a special focus on Business Finland funding opportunities, with 25 years of experience. We are also familiar with other business funding channels, such as development and investment grants from the Centres for Economic Development, Transport and the Environment (ELY Centres) and EU funding.<\/p>\n\n\n\n<p>Read more about Business Finland\u2019s funding opportunities:<\/p>\n\n\n\n<div class=\"wp-block-buttons is-layout-flex wp-block-buttons-is-layout-flex\">\n<div class=\"wp-block-button\"><a class=\"wp-block-button__link has-mp-green-background-color has-background wp-element-button\" href=\"https:\/\/www.businessfinland.fi\/en\/for-finnish-customers\/home\" target=\"_blank\" rel=\"noreferrer noopener\">Business Finland<\/a><\/div>\n<\/div>\n\n\n\n<div style=\"height:2rem\" aria-hidden=\"true\" class=\"wp-block-spacer\"><\/div>\n\n\n\n<p>Find out more about ELY Centre business funding:<\/p>\n\n\n\n<div class=\"wp-block-buttons is-layout-flex wp-block-buttons-is-layout-flex\">\n<div class=\"wp-block-button\"><a class=\"wp-block-button__link has-mp-green-background-color has-background wp-element-button\" href=\"https:\/\/www.ely-keskus.fi\/en\/web\/ely-en\" target=\"_blank\" rel=\"noreferrer noopener\">ELY Centre<\/a><\/div>\n<\/div>\n<\/div>\n\n\n\n<div class=\"wp-block-column is-vertically-aligned-top is-layout-flow wp-block-column-is-layout-flow\">\n<div class=\"wp-block-group row-extended has-mp-mint-background-color has-background is-nowrap is-layout-flex wp-container-core-group-is-layout-ad2f72ca wp-block-group-is-layout-flex\">\n<div class=\"wp-block-group row-extended has-mp-mint-background-color has-background is-nowrap is-layout-flex wp-container-core-group-is-layout-9123dee2 wp-block-group-is-layout-flex\">\n<figure class=\"wp-block-image size-full is-resized\"><img loading=\"lazy\" decoding=\"async\" width=\"311\" height=\"377\" src=\"https:\/\/muovipoli.fi\/wp-content\/uploads\/2025\/06\/Pertti-Salonen_ap.jpg\" alt=\"Pertti Salonen\" class=\"wp-image-1586\" style=\"width:317px;height:auto\" srcset=\"https:\/\/muovipoli.fi\/wp-content\/uploads\/2025\/06\/Pertti-Salonen_ap.jpg 311w, https:\/\/muovipoli.fi\/wp-content\/uploads\/2025\/06\/Pertti-Salonen_ap-10x12.jpg 10w\" sizes=\"auto, (max-width: 311px) 100vw, 311px\" \/><\/figure>\n\n\n\n<div class=\"wp-block-group is-vertical is-layout-flex wp-container-core-group-is-layout-8cf370e7 wp-block-group-is-layout-flex\">\n<h4 class=\"wp-block-heading\">Contact our<br>plastics specialist<\/h4>\n\n\n\n<p><strong>Pertti Salonen<\/strong><br>Managing Director<br>MSc (Eng), Polymer Engineering <br>and Technology<br>+358 (0)40 558 8210<br>pertti.salonen@muovipoli.fi<\/p>\n<\/div>\n<\/div>\n<\/div>\n\n\n\n<h2 class=\"wp-block-heading has-text-align-left header-quote has-mp-green-color has-text-color has-link-color wp-elements-1d69be9f63a8c51a6a4a30559062e5a8\">\u201cAs an RDI partner, we take care of the entire financing and implementation of a product or service idea.\u201d<\/h2>\n<\/div>\n<\/div>\n\n\n\n<h2 class=\"wp-block-heading has-text-align-center\">See also<\/h2>\n\n\n\n<div style=\"height:1rem\" aria-hidden=\"true\" class=\"wp-block-spacer\"><\/div>\n\n\n\n<div class=\"wp-block-columns is-layout-flex wp-container-core-columns-is-layout-9d6595d7 wp-block-columns-is-layout-flex\">\n<div class=\"wp-block-column is-layout-flow wp-block-column-is-layout-flow\">\n<div class=\"wp-block-cover cover-other-services\" style=\"min-height:560px;aspect-ratio:unset;\"><img loading=\"lazy\" decoding=\"async\" width=\"620\" height=\"560\" class=\"wp-block-cover__image-background wp-image-510\" alt=\"\" src=\"https:\/\/muovipoli.fi\/wp-content\/uploads\/2024\/11\/muovipoli_asiantuntijapalvelut_linkki.jpg\" data-object-fit=\"cover\" srcset=\"https:\/\/muovipoli.fi\/wp-content\/uploads\/2024\/11\/muovipoli_asiantuntijapalvelut_linkki.jpg 620w, https:\/\/muovipoli.fi\/wp-content\/uploads\/2024\/11\/muovipoli_asiantuntijapalvelut_linkki-13x12.jpg 13w\" sizes=\"auto, (max-width: 620px) 100vw, 620px\" \/><span aria-hidden=\"true\" class=\"wp-block-cover__background has-background-dim-0 has-background-dim\" style=\"background-color:#075159\"><\/span><div class=\"wp-block-cover__inner-container is-layout-constrained wp-block-cover-is-layout-constrained\">\n<h2 class=\"wp-block-heading has-text-align-center has-base-3-color has-text-color has-link-color wp-elements-4a3561ce87dd3b4caf765ff322c49e9a\">Expert Services<\/h2>\n\n\n\n<p class=\"has-text-align-center\">We can also provide you with various studies and analyses related to plastics. Read more about our specialist services.<\/p>\n\n\n\n<div class=\"wp-block-buttons is-content-justification-center is-layout-flex wp-container-core-buttons-is-layout-16018d1d wp-block-buttons-is-layout-flex\">\n<div class=\"wp-block-button\"><a class=\"wp-block-button__link wp-element-button\" href=\"https:\/\/muovipoli.fi\/en\/expert-services\/\">About Us<\/a><\/div>\n<\/div>\n<\/div><\/div>\n<\/div>\n\n\n\n<div class=\"wp-block-column is-layout-flow wp-block-column-is-layout-flow\">\n<div class=\"wp-block-cover cover-other-services\" style=\"min-height:560px;aspect-ratio:unset;\"><img loading=\"lazy\" decoding=\"async\" width=\"620\" height=\"560\" class=\"wp-block-cover__image-background wp-image-424\" alt=\"\" src=\"https:\/\/muovipoli.fi\/wp-content\/uploads\/2024\/11\/muovipoli_testauspalvelut_linkki.jpg\" data-object-fit=\"cover\" srcset=\"https:\/\/muovipoli.fi\/wp-content\/uploads\/2024\/11\/muovipoli_testauspalvelut_linkki.jpg 620w, https:\/\/muovipoli.fi\/wp-content\/uploads\/2024\/11\/muovipoli_testauspalvelut_linkki-13x12.jpg 13w\" sizes=\"auto, (max-width: 620px) 100vw, 620px\" \/><span aria-hidden=\"true\" class=\"wp-block-cover__background has-background-dim-0 has-background-dim\" style=\"background-color:#074d5c\"><\/span><div class=\"wp-block-cover__inner-container is-layout-constrained wp-block-cover-is-layout-constrained\">\n<h2 class=\"wp-block-heading has-text-align-center has-base-3-color has-text-color has-link-color wp-elements-16f32b46bf8c44a4b302859f4b10263a\">Testing &amp; Processing Services<\/h2>\n\n\n\n<p class=\"has-text-align-center\">Product development or quality control can be complemented by testing and processing services.<\/p>\n\n\n\n<div class=\"wp-block-buttons is-content-justification-center is-layout-flex wp-container-core-buttons-is-layout-16018d1d wp-block-buttons-is-layout-flex\">\n<div class=\"wp-block-button\"><a class=\"wp-block-button__link wp-element-button\" href=\"https:\/\/muovipoli.fi\/en\/testing-and-processing-services\/\">About Us<\/a><\/div>\n<\/div>\n<\/div><\/div>\n<\/div>\n<\/div>\n\n\n\n<div style=\"height:3rem\" aria-hidden=\"true\" class=\"wp-block-spacer\"><\/div>","protected":false},"excerpt":{"rendered":"<p>Toimintakonseptimme on usein seuraava: Rahoituksen haku ja toteutus Suunnitteletko rahoituksen hakemista yrityksenne TKI-tarpeisiin? Rahoitustukiin perehtyneen asiantuntijamme avulla se on vaivatonta ja sujuvaa, jolloin voit itse keskitty\u00e4 ydintekemiseen. Rahoitusviidakko, tukimuotojen tunnistaminen, hakuihin liittyv\u00e4 selvitysty\u00f6 ja oikein tehty rahoitushaku vaativat tietoa, tarkkuutta ja aikaa. Ent\u00e4 miten hy\u00f6dynt\u00e4\u00e4 rahoitus ja jakaa sen k\u00e4ytt\u00f6 tuleville vuosille j\u00e4rkev\u00e4ll\u00e4 tavalla? Autamme &#8230; <a title=\"Project Services\" class=\"read-more\" href=\"https:\/\/muovipoli.fi\/en\/project-services\/\" aria-label=\"Read more about Projektipalvelut\">Read more<\/a><\/p>","protected":false},"author":1,"featured_media":0,"parent":0,"menu_order":0,"comment_status":"closed","ping_status":"closed","template":"","meta":{"footnotes":""},"class_list":["post-77","page","type-page","status-publish"],"yoast_head":"<!-- This site is optimized with the Yoast SEO plugin v27.4 - https:\/\/yoast.com\/product\/yoast-seo-wordpress\/ -->\n<title>Projektipalvelut - Muovipoli<\/title>\n<meta name=\"robots\" content=\"index, follow, max-snippet:-1, max-image-preview:large, max-video-preview:-1\" \/>\n<link rel=\"canonical\" href=\"https:\/\/muovipoli.fi\/en\/project-services\/\" \/>\n<meta property=\"og:locale\" content=\"en_GB\" \/>\n<meta property=\"og:type\" content=\"article\" \/>\n<meta property=\"og:title\" content=\"Projektipalvelut - Muovipoli\" \/>\n<meta property=\"og:description\" content=\"Toimintakonseptimme on usein seuraava: Rahoituksen haku ja toteutus Suunnitteletko rahoituksen hakemista yrityksenne TKI-tarpeisiin? Rahoitustukiin perehtyneen asiantuntijamme avulla se on vaivatonta ja sujuvaa, jolloin voit itse keskitty\u00e4 ydintekemiseen. Rahoitusviidakko, tukimuotojen tunnistaminen, hakuihin liittyv\u00e4 selvitysty\u00f6 ja oikein tehty rahoitushaku vaativat tietoa, tarkkuutta ja aikaa. Ent\u00e4 miten hy\u00f6dynt\u00e4\u00e4 rahoitus ja jakaa sen k\u00e4ytt\u00f6 tuleville vuosille j\u00e4rkev\u00e4ll\u00e4 tavalla? Autamme ... Read more\" \/>\n<meta property=\"og:url\" content=\"https:\/\/muovipoli.fi\/en\/project-services\/\" \/>\n<meta property=\"og:site_name\" content=\"Muovipoli\" \/>\n<meta property=\"article:modified_time\" content=\"2025-06-26T06:55:13+00:00\" \/>\n<meta property=\"og:image\" content=\"https:\/\/muovipoli.fi\/wp-content\/uploads\/2024\/11\/muovipoli_projektipalvelut_banneri.jpg?wsr\" \/>\n\t<meta property=\"og:image:width\" content=\"2600\" \/>\n\t<meta property=\"og:image:height\" content=\"956\" \/>\n\t<meta property=\"og:image:type\" content=\"image\/jpeg\" \/>\n<meta name=\"twitter:card\" content=\"summary_large_image\" \/>\n<meta name=\"twitter:label1\" content=\"Estimated reading time\" \/>\n\t<meta name=\"twitter:data1\" content=\"3 minutes\" \/>\n<script type=\"application\/ld+json\" class=\"yoast-schema-graph\">{\"@context\":\"https:\\\/\\\/schema.org\",\"@graph\":[{\"@type\":\"WebPage\",\"@id\":\"https:\\\/\\\/muovipoli.fi\\\/projektipalvelut\\\/\",\"url\":\"https:\\\/\\\/muovipoli.fi\\\/projektipalvelut\\\/\",\"name\":\"Projektipalvelut - Muovipoli\",\"isPartOf\":{\"@id\":\"https:\\\/\\\/muovipoli.fi\\\/#website\"},\"primaryImageOfPage\":{\"@id\":\"https:\\\/\\\/muovipoli.fi\\\/projektipalvelut\\\/#primaryimage\"},\"image\":{\"@id\":\"https:\\\/\\\/muovipoli.fi\\\/projektipalvelut\\\/#primaryimage\"},\"thumbnailUrl\":\"https:\\\/\\\/muovipoli.fi\\\/wp-content\\\/uploads\\\/2024\\\/11\\\/muovipoli_projektipalvelut_banneri.jpg\",\"datePublished\":\"2024-10-22T07:12:12+00:00\",\"dateModified\":\"2025-06-26T06:55:13+00:00\",\"breadcrumb\":{\"@id\":\"https:\\\/\\\/muovipoli.fi\\\/projektipalvelut\\\/#breadcrumb\"},\"inLanguage\":\"en-GB\",\"potentialAction\":[{\"@type\":\"ReadAction\",\"target\":[\"https:\\\/\\\/muovipoli.fi\\\/projektipalvelut\\\/\"]}]},{\"@type\":\"ImageObject\",\"inLanguage\":\"en-GB\",\"@id\":\"https:\\\/\\\/muovipoli.fi\\\/projektipalvelut\\\/#primaryimage\",\"url\":\"https:\\\/\\\/muovipoli.fi\\\/wp-content\\\/uploads\\\/2024\\\/11\\\/muovipoli_projektipalvelut_banneri.jpg\",\"contentUrl\":\"https:\\\/\\\/muovipoli.fi\\\/wp-content\\\/uploads\\\/2024\\\/11\\\/muovipoli_projektipalvelut_banneri.jpg\"},{\"@type\":\"BreadcrumbList\",\"@id\":\"https:\\\/\\\/muovipoli.fi\\\/projektipalvelut\\\/#breadcrumb\",\"itemListElement\":[{\"@type\":\"ListItem\",\"position\":1,\"name\":\"Home\",\"item\":\"https:\\\/\\\/muovipoli.fi\\\/\"},{\"@type\":\"ListItem\",\"position\":2,\"name\":\"Projektipalvelut\"}]},{\"@type\":\"WebSite\",\"@id\":\"https:\\\/\\\/muovipoli.fi\\\/#website\",\"url\":\"https:\\\/\\\/muovipoli.fi\\\/\",\"name\":\"Muovipoli\",\"description\":\"Huomisen innovaatioita muoveja k\u00e4ytt\u00e4v\u00e4lle teollisuudelle\",\"publisher\":{\"@id\":\"https:\\\/\\\/muovipoli.fi\\\/#organization\"},\"potentialAction\":[{\"@type\":\"SearchAction\",\"target\":{\"@type\":\"EntryPoint\",\"urlTemplate\":\"https:\\\/\\\/muovipoli.fi\\\/?s={search_term_string}\"},\"query-input\":{\"@type\":\"PropertyValueSpecification\",\"valueRequired\":true,\"valueName\":\"search_term_string\"}}],\"inLanguage\":\"en-GB\"},{\"@type\":\"Organization\",\"@id\":\"https:\\\/\\\/muovipoli.fi\\\/#organization\",\"name\":\"Muovipoli\",\"url\":\"https:\\\/\\\/muovipoli.fi\\\/\",\"logo\":{\"@type\":\"ImageObject\",\"inLanguage\":\"en-GB\",\"@id\":\"https:\\\/\\\/muovipoli.fi\\\/#\\\/schema\\\/logo\\\/image\\\/\",\"url\":\"https:\\\/\\\/muovipoli.fi\\\/wp-content\\\/uploads\\\/2024\\\/10\\\/muovipoli_logo.png?wsr\",\"contentUrl\":\"https:\\\/\\\/muovipoli.fi\\\/wp-content\\\/uploads\\\/2024\\\/10\\\/muovipoli_logo.png?wsr\",\"width\":540,\"height\":91,\"caption\":\"Muovipoli\"},\"image\":{\"@id\":\"https:\\\/\\\/muovipoli.fi\\\/#\\\/schema\\\/logo\\\/image\\\/\"}}]}<\/script>\n<!-- \/ Yoast SEO plugin. -->","yoast_head_json":{"title":"Projektipalvelut - Muovipoli","robots":{"index":"index","follow":"follow","max-snippet":"max-snippet:-1","max-image-preview":"max-image-preview:large","max-video-preview":"max-video-preview:-1"},"canonical":"https:\/\/muovipoli.fi\/en\/project-services\/","og_locale":"en_GB","og_type":"article","og_title":"Projektipalvelut - Muovipoli","og_description":"Toimintakonseptimme on usein seuraava: Rahoituksen haku ja toteutus Suunnitteletko rahoituksen hakemista yrityksenne TKI-tarpeisiin? Rahoitustukiin perehtyneen asiantuntijamme avulla se on vaivatonta ja sujuvaa, jolloin voit itse keskitty\u00e4 ydintekemiseen. Rahoitusviidakko, tukimuotojen tunnistaminen, hakuihin liittyv\u00e4 selvitysty\u00f6 ja oikein tehty rahoitushaku vaativat tietoa, tarkkuutta ja aikaa. Ent\u00e4 miten hy\u00f6dynt\u00e4\u00e4 rahoitus ja jakaa sen k\u00e4ytt\u00f6 tuleville vuosille j\u00e4rkev\u00e4ll\u00e4 tavalla? Autamme ... Read more","og_url":"https:\/\/muovipoli.fi\/en\/project-services\/","og_site_name":"Muovipoli","article_modified_time":"2025-06-26T06:55:13+00:00","og_image":[{"width":2600,"height":956,"url":"https:\/\/muovipoli.fi\/wp-content\/uploads\/2024\/11\/muovipoli_projektipalvelut_banneri.jpg?wsr","type":"image\/jpeg"}],"twitter_card":"summary_large_image","twitter_misc":{"Estimated reading time":"3 minutes"},"schema":{"@context":"https:\/\/schema.org","@graph":[{"@type":"WebPage","@id":"https:\/\/muovipoli.fi\/projektipalvelut\/","url":"https:\/\/muovipoli.fi\/projektipalvelut\/","name":"Projektipalvelut - Muovipoli","isPartOf":{"@id":"https:\/\/muovipoli.fi\/#website"},"primaryImageOfPage":{"@id":"https:\/\/muovipoli.fi\/projektipalvelut\/#primaryimage"},"image":{"@id":"https:\/\/muovipoli.fi\/projektipalvelut\/#primaryimage"},"thumbnailUrl":"https:\/\/muovipoli.fi\/wp-content\/uploads\/2024\/11\/muovipoli_projektipalvelut_banneri.jpg","datePublished":"2024-10-22T07:12:12+00:00","dateModified":"2025-06-26T06:55:13+00:00","breadcrumb":{"@id":"https:\/\/muovipoli.fi\/projektipalvelut\/#breadcrumb"},"inLanguage":"en-GB","potentialAction":[{"@type":"ReadAction","target":["https:\/\/muovipoli.fi\/projektipalvelut\/"]}]},{"@type":"ImageObject","inLanguage":"en-GB","@id":"https:\/\/muovipoli.fi\/projektipalvelut\/#primaryimage","url":"https:\/\/muovipoli.fi\/wp-content\/uploads\/2024\/11\/muovipoli_projektipalvelut_banneri.jpg","contentUrl":"https:\/\/muovipoli.fi\/wp-content\/uploads\/2024\/11\/muovipoli_projektipalvelut_banneri.jpg"},{"@type":"BreadcrumbList","@id":"https:\/\/muovipoli.fi\/projektipalvelut\/#breadcrumb","itemListElement":[{"@type":"ListItem","position":1,"name":"Home","item":"https:\/\/muovipoli.fi\/"},{"@type":"ListItem","position":2,"name":"Projektipalvelut"}]},{"@type":"WebSite","@id":"https:\/\/muovipoli.fi\/#website","url":"https:\/\/muovipoli.fi\/","name":"Muovipoli","description":"Huomisen innovaatioita muoveja k\u00e4ytt\u00e4v\u00e4lle teollisuudelle","publisher":{"@id":"https:\/\/muovipoli.fi\/#organization"},"potentialAction":[{"@type":"SearchAction","target":{"@type":"EntryPoint","urlTemplate":"https:\/\/muovipoli.fi\/?s={search_term_string}"},"query-input":{"@type":"PropertyValueSpecification","valueRequired":true,"valueName":"search_term_string"}}],"inLanguage":"en-GB"},{"@type":"Organization","@id":"https:\/\/muovipoli.fi\/#organization","name":"Muovipoli","url":"https:\/\/muovipoli.fi\/","logo":{"@type":"ImageObject","inLanguage":"en-GB","@id":"https:\/\/muovipoli.fi\/#\/schema\/logo\/image\/","url":"https:\/\/muovipoli.fi\/wp-content\/uploads\/2024\/10\/muovipoli_logo.png?wsr","contentUrl":"https:\/\/muovipoli.fi\/wp-content\/uploads\/2024\/10\/muovipoli_logo.png?wsr","width":540,"height":91,"caption":"Muovipoli"},"image":{"@id":"https:\/\/muovipoli.fi\/#\/schema\/logo\/image\/"}}]}},"_links":{"self":[{"href":"https:\/\/muovipoli.fi\/en\/wp-json\/wp\/v2\/pages\/77","targetHints":{"allow":["GET"]}}],"collection":[{"href":"https:\/\/muovipoli.fi\/en\/wp-json\/wp\/v2\/pages"}],"about":[{"href":"https:\/\/muovipoli.fi\/en\/wp-json\/wp\/v2\/types\/page"}],"author":[{"embeddable":true,"href":"https:\/\/muovipoli.fi\/en\/wp-json\/wp\/v2\/users\/1"}],"replies":[{"embeddable":true,"href":"https:\/\/muovipoli.fi\/en\/wp-json\/wp\/v2\/comments?post=77"}],"version-history":[{"count":26,"href":"https:\/\/muovipoli.fi\/en\/wp-json\/wp\/v2\/pages\/77\/revisions"}],"predecessor-version":[{"id":1616,"href":"https:\/\/muovipoli.fi\/en\/wp-json\/wp\/v2\/pages\/77\/revisions\/1616"}],"wp:attachment":[{"href":"https:\/\/muovipoli.fi\/en\/wp-json\/wp\/v2\/media?parent=77"}],"curies":[{"name":"wp","href":"https:\/\/api.w.org\/{rel}","templated":true}]}}