{"id":97,"date":"2024-10-22T07:13:24","date_gmt":"2024-10-22T07:13:24","guid":{"rendered":"https:\/\/muovipoli.fi.wwwdev2.kyberjoukot.fi\/?page_id=97"},"modified":"2024-11-15T14:00:47","modified_gmt":"2024-11-15T12:00:47","slug":"company","status":"publish","type":"page","link":"https:\/\/muovipoli.fi\/en\/company\/","title":{"rendered":"The Company"},"content":{"rendered":"<div class=\"wp-block-cover is-light cover-full cover-hero\" style=\"min-height:700px;aspect-ratio:unset;\"><span aria-hidden=\"true\" class=\"wp-block-cover__background has-background-dim-0 has-background-dim\" style=\"background-color:#00545f\"><\/span><img loading=\"lazy\" decoding=\"async\" width=\"2600\" height=\"767\" class=\"wp-block-cover__image-background wp-image-584\" alt=\"\" src=\"https:\/\/muovipoli.fi\/wp-content\/uploads\/2024\/11\/muovipoli_yritys_banneri.jpg\" data-object-fit=\"cover\" srcset=\"https:\/\/muovipoli.fi\/wp-content\/uploads\/2024\/11\/muovipoli_yritys_banneri.jpg 2600w, https:\/\/muovipoli.fi\/wp-content\/uploads\/2024\/11\/muovipoli_yritys_banneri-18x5.jpg 18w\" sizes=\"auto, (max-width: 2600px) 100vw, 2600px\" \/><div class=\"wp-block-cover__inner-container is-layout-constrained wp-block-cover-is-layout-constrained\">\n<p><\/p>\n<\/div><\/div>\n\n\n\n<div class=\"wp-block-cover has-custom-content-position is-position-bottom-center cover-full cover-intro-yritys\" style=\"min-height:300px;aspect-ratio:unset;\"><span aria-hidden=\"true\" class=\"wp-block-cover__background has-background-dim-100 has-background-dim has-background-gradient\" style=\"background:linear-gradient(180deg,rgba(28,197,93,0) 16%,rgb(28,197,93) 54%)\"><\/span><div class=\"wp-block-cover__inner-container is-layout-constrained wp-block-cover-is-layout-constrained\">\n<h1 class=\"wp-block-heading no-margin has-base-3-color has-text-color has-link-color wp-elements-40ec4f624a070db6b402e2ea586d7f73\">Muovipoli \u2013 Get to Know Us<\/h1>\n<\/div><\/div>\n\n\n\n<div class=\"wp-block-columns is-layout-flex wp-container-core-columns-is-layout-9d6595d7 wp-block-columns-is-layout-flex\">\n<div class=\"wp-block-column is-vertically-aligned-center is-layout-flow wp-block-column-is-layout-flow\">\n<h3 class=\"wp-block-heading has-mp-green-color has-text-color has-link-color wp-elements-309ee9e06743f8c252ef1f3153ae86d8\">An expert in the sustainable use of plastics<\/h3>\n\n\n\n<p>Muovipoli was established in 1998 to promote the development of the Finnish plastics industry. We work with companies to promote sustainable use of plastics and recycling innovations in various customer projects and collaborations. We are based in Lahti, where much of the Finnish plastics industry is concentrated.<\/p>\n\n\n\n<p>Our customers are mainly Finnish plastic product manufacturers or machinery and equipment manufacturers using plastic components. Our turnover consists almost entirely of direct service sales to industry. We serve large global companies and small start-ups alike.<\/p>\n<\/div>\n\n\n\n<div class=\"wp-block-column is-vertically-aligned-top is-layout-flow wp-block-column-is-layout-flow\">\n<div class=\"wp-block-group row-extended is-nowrap is-layout-flex wp-container-core-group-is-layout-ad2f72ca wp-block-group-is-layout-flex\">\n<figure class=\"wp-block-image size-large\"><img decoding=\"async\" src=\"https:\/\/muovipoli.fi\/wp-content\/uploads\/2024\/10\/muovipoli_M_elementti.png\" alt=\"\"\/><\/figure>\n<\/div>\n<\/div>\n<\/div>\n\n\n\n<div class=\"wp-block-cover cover-full cover-yritys-serti\"><span aria-hidden=\"true\" class=\"wp-block-cover__background has-base-3-background-color has-background-dim-100 has-background-dim\"><\/span><div class=\"wp-block-cover__inner-container is-layout-constrained wp-block-cover-is-layout-constrained\">\n<div class=\"wp-block-columns columns-yritys-serti is-layout-flex wp-container-core-columns-is-layout-9d6595d7 wp-block-columns-is-layout-flex\">\n<div class=\"wp-block-column is-vertically-aligned-center column-left is-layout-flow wp-block-column-is-layout-flow\">\n<h3 class=\"wp-block-heading has-mp-green-color has-text-color has-link-color wp-elements-2d45f423166bfcf34668d2160ac2faa0\">Our Quality Policy<\/h3>\n\n\n\n<p>Muovipoli works with customers to develop a competitive plastics industry for national and international markets. Our operations are based on impartiality, personalised and confidential customer service, a broad network of partners and over 20 significant shareholders.<\/p>\n\n\n\n<p>Muovipoli\u2019s starting point is to meet customer needs and expectations in a qualitative and timely manner. We are committed to working in accordance with our quality policy, and we expect the same from our partners. We comply with ethical principles and applicable legislation. We monitor and measure the quality of our operations and are committed to continuous improvement.<\/p>\n<\/div>\n\n\n\n<div class=\"wp-block-column is-vertically-aligned-center is-layout-flow wp-block-column-is-layout-flow\">\n<div class=\"wp-block-group row-extended has-mp-mint-background-color has-background is-vertical is-layout-flex wp-container-core-group-is-layout-8cf370e7 wp-block-group-is-layout-flex\">\n<h3 class=\"wp-block-heading has-mp-teal-color has-text-color has-link-color wp-elements-f332e2f8e7e7647232b2c625ae684922\">Certified Quality<\/h3>\n\n\n\n<p class=\"has-contrast-color has-text-color has-link-color wp-elements-ef8bf93e10744fbbdc53bb4a915059a7\">The management system of Muovipoli is ISO 9001:2015 certified. The scope of the certificate covers product development, testing and research services for plastics and plastic products. The certificate has been issued by Bureau Veritas Certification.<\/p>\n\n\n\n<div style=\"height:0px\" aria-hidden=\"true\" class=\"wp-block-spacer wp-container-content-5082a153\"><\/div>\n\n\n\n<figure class=\"wp-block-image size-full is-resized is-style-default\"><img loading=\"lazy\" decoding=\"async\" width=\"350\" height=\"126\" src=\"https:\/\/muovipoli.fi\/wp-content\/uploads\/2024\/10\/muovipoli_cerification.png\" alt=\"\" class=\"wp-image-383\" style=\"width:225px\" srcset=\"https:\/\/muovipoli.fi\/wp-content\/uploads\/2024\/10\/muovipoli_cerification.png 350w, https:\/\/muovipoli.fi\/wp-content\/uploads\/2024\/10\/muovipoli_cerification-18x6.png 18w\" sizes=\"auto, (max-width: 350px) 100vw, 350px\" \/><\/figure>\n<\/div>\n<\/div>\n<\/div>\n<\/div><\/div>\n\n\n\n<div style=\"height:5rem\" aria-hidden=\"true\" class=\"wp-block-spacer\"><\/div>\n\n\n<style>#sp-ea-644 .spcollapsing { height: 0; overflow: hidden; transition-property: height;transition-duration: 300ms;}#sp-ea-644.sp-easy-accordion>.sp-ea-single {margin-bottom: 10px; border: 1px solid #e2e2e2; }#sp-ea-644.sp-easy-accordion>.sp-ea-single>.ea-header a {color: #444;}#sp-ea-644.sp-easy-accordion>.sp-ea-single>.sp-collapse>.ea-body {background: #fff; color: #444;}#sp-ea-644.sp-easy-accordion>.sp-ea-single {background: #eee;}#sp-ea-644.sp-easy-accordion>.sp-ea-single>.ea-header a .ea-expand-icon { float: right; color: #444;font-size: 16px;}#sp-ea-644.sp-easy-accordion>.sp-ea-single>.ea-header a .ea-expand-icon {margin-right: 0;}<\/style><div id=\"sp_easy_accordion-1730625553\"><div id=\"sp-ea-644\" class=\"sp-ea-one sp-easy-accordion\" data-ea-active=\"ea-click\" data-ea-mode=\"vertical\" data-preloader=\"\" data-scroll-active-item=\"\" data-offset-to-scroll=\"0\"><div class=\"ea-card sp-ea-single\"><h3 class=\"ea-header\"><a class=\"collapsed\" id=\"ea-header-6440\" role=\"button\" data-sptoggle=\"spcollapse\" data-sptarget=\"#collapse6440\" aria-controls=\"collapse6440\" href=\"#\" aria-expanded=\"false\" tabindex=\"0\"><i aria-hidden=\"true\" role=\"presentation\" class=\"ea-expand-icon eap-icon-ea-expand-plus\"><\/i> Owners<\/a><\/h3><div class=\"sp-collapse spcollapse spcollapse\" id=\"collapse6440\" role=\"region\" aria-labelledby=\"ea-header-6440\"> <div class=\"ea-body\"><ul><li>Aalto University Foundation<\/li><li>Amerplast Oy<\/li><li>Bayer Oy<\/li><li>Borealis Polymers Oy<\/li><li>Careeria Oy<\/li><li>Entop Oy<\/li><li>Foxconn Oy<\/li><li>City of Heinola<\/li><li>University of Helsinki (funds)<\/li><li>H\u00e4me Chamber of Commerce<\/li><li>Keraplast Oy<\/li><li>Salpaus Further Education Consortium<\/li><li>LAB University of Applied Sciences<\/li><li>City of Lahti<\/li><li>Lahti Region Development LADEC<\/li><li>LUT University<\/li><li>Matti Kuitunen Oy<\/li><li>Muoviteollisuus ry<\/li><li>Okartek Oy<\/li><li>Oras Oy<\/li><li>Pintos Oy<\/li><li>Serres Oy<\/li><li>Spatium Toimitilat Oy<\/li><li>Industrial Research Fund at Tampere University of Technology<\/li><li>Uponor Suomi Oy<\/li><li>Wipak Oy<\/li><li>Virtain Yrityspalvelu Oy<\/li><\/ul><\/div><\/div><\/div><div class=\"ea-card sp-ea-single\"><h3 class=\"ea-header\"><a class=\"collapsed\" id=\"ea-header-6441\" role=\"button\" data-sptoggle=\"spcollapse\" data-sptarget=\"#collapse6441\" aria-controls=\"collapse6441\" href=\"#\" aria-expanded=\"false\" tabindex=\"0\"><i aria-hidden=\"true\" role=\"presentation\" class=\"ea-expand-icon eap-icon-ea-expand-plus\"><\/i> Board of Directors<\/a><\/h3><div class=\"sp-collapse spcollapse spcollapse\" id=\"collapse6441\" role=\"region\" aria-labelledby=\"ea-header-6441\"> <div class=\"ea-body\"><p><strong>Arno Avela,<\/strong> Borealis Polymers Oy, vice chairman<\/p><p><strong>Vesa K\u00e4rh\u00e4,<\/strong> Muoviteollisuus ry<\/p><p><strong>Jukka Rantanen,<\/strong> Finnsonic Oy, chairman<\/p><p><strong>Essi Sarlin,<\/strong> University of Tampere<\/p><p><strong>Tomi Tura,<\/strong> Lahti Region Development LADEC<\/p><\/div><\/div><\/div><\/div><\/div>\n\n\n\n<div style=\"height:5rem\" aria-hidden=\"true\" class=\"wp-block-spacer\"><\/div>\n\n\n\n<h2 class=\"wp-block-heading has-text-align-center\">See also<\/h2>\n\n\n\n<div style=\"height:1rem\" aria-hidden=\"true\" class=\"wp-block-spacer\"><\/div>\n\n\n\n<div class=\"wp-block-columns is-layout-flex wp-container-core-columns-is-layout-9d6595d7 wp-block-columns-is-layout-flex\">\n<div class=\"wp-block-column is-layout-flow wp-block-column-is-layout-flow\">\n<div class=\"wp-block-cover cover-other-services\" style=\"min-height:368px;aspect-ratio:unset;\"><span aria-hidden=\"true\" class=\"wp-block-cover__background has-background-dim-0 has-background-dim\" style=\"background-color:#075159\"><\/span><img loading=\"lazy\" decoding=\"async\" width=\"414\" height=\"368\" class=\"wp-block-cover__image-background wp-image-652\" alt=\"\" src=\"https:\/\/muovipoli.fi\/wp-content\/uploads\/2024\/11\/yritys-asiantuntijapalvelut.jpg\" data-object-fit=\"cover\" srcset=\"https:\/\/muovipoli.fi\/wp-content\/uploads\/2024\/11\/yritys-asiantuntijapalvelut.jpg 414w, https:\/\/muovipoli.fi\/wp-content\/uploads\/2024\/11\/yritys-asiantuntijapalvelut-14x12.jpg 14w\" sizes=\"auto, (max-width: 414px) 100vw, 414px\" \/><div class=\"wp-block-cover__inner-container is-layout-constrained wp-block-cover-is-layout-constrained\">\n<h3 class=\"wp-block-heading has-text-align-center has-base-3-color has-text-color has-link-color wp-elements-4381d524f7c4649c1dc184e7b0588092\">Expert Services<\/h3>\n\n\n\n<div class=\"wp-block-buttons is-content-justification-center is-layout-flex wp-container-core-buttons-is-layout-16018d1d wp-block-buttons-is-layout-flex\">\n<div class=\"wp-block-button\"><a class=\"wp-block-button__link wp-element-button\" href=\"https:\/\/muovipoli.fi\/en\/expert-services\/\">About Us<\/a><\/div>\n<\/div>\n<\/div><\/div>\n<\/div>\n\n\n\n<div class=\"wp-block-column is-layout-flow wp-block-column-is-layout-flow\">\n<div class=\"wp-block-cover cover-other-services\" style=\"min-height:368px;aspect-ratio:unset;\"><span aria-hidden=\"true\" class=\"wp-block-cover__background has-background-dim-0 has-background-dim\" style=\"background-color:#075159\"><\/span><img loading=\"lazy\" decoding=\"async\" width=\"414\" height=\"368\" class=\"wp-block-cover__image-background wp-image-654\" alt=\"\" src=\"https:\/\/muovipoli.fi\/wp-content\/uploads\/2024\/11\/yritys-projektipalvelut.jpg\" data-object-fit=\"cover\" srcset=\"https:\/\/muovipoli.fi\/wp-content\/uploads\/2024\/11\/yritys-projektipalvelut.jpg 414w, https:\/\/muovipoli.fi\/wp-content\/uploads\/2024\/11\/yritys-projektipalvelut-14x12.jpg 14w\" sizes=\"auto, (max-width: 414px) 100vw, 414px\" \/><div class=\"wp-block-cover__inner-container is-layout-constrained wp-block-cover-is-layout-constrained\">\n<h3 class=\"wp-block-heading has-text-align-center has-base-3-color has-text-color has-link-color wp-elements-1f39915480bfd94e805e240f20c14bb2\">Project Services<\/h3>\n\n\n\n<div class=\"wp-block-buttons is-content-justification-center is-layout-flex wp-container-core-buttons-is-layout-16018d1d wp-block-buttons-is-layout-flex\">\n<div class=\"wp-block-button\"><a class=\"wp-block-button__link wp-element-button\" href=\"https:\/\/muovipoli.fi\/en\/project-services\/\">About Us<\/a><\/div>\n<\/div>\n<\/div><\/div>\n<\/div>\n\n\n\n<div class=\"wp-block-column is-layout-flow wp-block-column-is-layout-flow\">\n<div class=\"wp-block-cover cover-other-services\" style=\"min-height:368px;aspect-ratio:unset;\"><span aria-hidden=\"true\" class=\"wp-block-cover__background has-background-dim-0 has-background-dim\" style=\"background-color:#075159\"><\/span><img loading=\"lazy\" decoding=\"async\" width=\"414\" height=\"368\" class=\"wp-block-cover__image-background wp-image-656\" alt=\"\" src=\"https:\/\/muovipoli.fi\/wp-content\/uploads\/2024\/11\/yritys-testauspalvelut.jpg\" data-object-fit=\"cover\" srcset=\"https:\/\/muovipoli.fi\/wp-content\/uploads\/2024\/11\/yritys-testauspalvelut.jpg 414w, https:\/\/muovipoli.fi\/wp-content\/uploads\/2024\/11\/yritys-testauspalvelut-14x12.jpg 14w\" sizes=\"auto, (max-width: 414px) 100vw, 414px\" \/><div class=\"wp-block-cover__inner-container is-layout-constrained wp-block-cover-is-layout-constrained\">\n<h3 class=\"wp-block-heading has-text-align-center has-base-3-color has-text-color has-link-color wp-elements-4377500116cfae0fc3b6305bd4d1b910\">Testing &amp; Processing Services<\/h3>\n\n\n\n<div class=\"wp-block-buttons is-content-justification-center is-layout-flex wp-container-core-buttons-is-layout-16018d1d wp-block-buttons-is-layout-flex\">\n<div class=\"wp-block-button\"><a class=\"wp-block-button__link wp-element-button\" href=\"https:\/\/muovipoli.fi\/en\/testing-and-processing-services\/\">About Us<\/a><\/div>\n<\/div>\n<\/div><\/div>\n<\/div>\n<\/div>\n\n\n\n<div style=\"height:3rem\" aria-hidden=\"true\" class=\"wp-block-spacer\"><\/div>","protected":false},"excerpt":{"rendered":"<p>Muovien kest\u00e4v\u00e4n k\u00e4yt\u00f6n asiantuntija Muovipoli Oy perustettiin 1998 tukemaan suomalaisen muoviteollisuuden kehityst\u00e4. T\u00e4n\u00e4\u00e4n teemme tiivist\u00e4 yhteisty\u00f6t\u00e4 muovin kest\u00e4v\u00e4n k\u00e4yt\u00f6n ja kierr\u00e4tysinnovaatioiden edist\u00e4miseksi erilaisissa asiakasprojekteissa ja yhteisty\u00f6hankkeissa. Yrityksemme sijaitsee Lahdessa, jonne on keskittynyt paljon muovialan teollisuutta. Asiakkaamme ovat p\u00e4\u00e4asiassa kotimaisia muovituotevalmistajia tai muovikomponentteja k\u00e4ytt\u00e4vi\u00e4 kone- ja laitevalmistajia. Liikevaihtomme koostuu l\u00e4hes kokonaan suorasta palvelumyynnist\u00e4 teollisuudelle. Palvelemme niin &#8230; <a title=\"The Company\" class=\"read-more\" href=\"https:\/\/muovipoli.fi\/en\/company\/\" aria-label=\"Read more about Yritys\">Read more<\/a><\/p>","protected":false},"author":1,"featured_media":0,"parent":0,"menu_order":0,"comment_status":"closed","ping_status":"closed","template":"","meta":{"footnotes":""},"class_list":["post-97","page","type-page","status-publish"],"yoast_head":"<!-- This site is optimized with the Yoast SEO plugin v27.6 - https:\/\/yoast.com\/product\/yoast-seo-wordpress\/ -->\n<title>Yritys - Muovipoli<\/title>\n<meta name=\"robots\" content=\"index, follow, max-snippet:-1, max-image-preview:large, max-video-preview:-1\" \/>\n<link rel=\"canonical\" href=\"https:\/\/muovipoli.fi\/en\/company\/\" \/>\n<meta property=\"og:locale\" content=\"en_GB\" \/>\n<meta property=\"og:type\" content=\"article\" \/>\n<meta property=\"og:title\" content=\"Yritys - Muovipoli\" \/>\n<meta property=\"og:description\" content=\"Muovien kest\u00e4v\u00e4n k\u00e4yt\u00f6n asiantuntija Muovipoli Oy perustettiin 1998 tukemaan suomalaisen muoviteollisuuden kehityst\u00e4. T\u00e4n\u00e4\u00e4n teemme tiivist\u00e4 yhteisty\u00f6t\u00e4 muovin kest\u00e4v\u00e4n k\u00e4yt\u00f6n ja kierr\u00e4tysinnovaatioiden edist\u00e4miseksi erilaisissa asiakasprojekteissa ja yhteisty\u00f6hankkeissa. Yrityksemme sijaitsee Lahdessa, jonne on keskittynyt paljon muovialan teollisuutta. Asiakkaamme ovat p\u00e4\u00e4asiassa kotimaisia muovituotevalmistajia tai muovikomponentteja k\u00e4ytt\u00e4vi\u00e4 kone- ja laitevalmistajia. Liikevaihtomme koostuu l\u00e4hes kokonaan suorasta palvelumyynnist\u00e4 teollisuudelle. Palvelemme niin ... Read more\" \/>\n<meta property=\"og:url\" content=\"https:\/\/muovipoli.fi\/en\/company\/\" \/>\n<meta property=\"og:site_name\" content=\"Muovipoli\" \/>\n<meta property=\"article:modified_time\" content=\"2024-11-15T12:00:47+00:00\" \/>\n<meta property=\"og:image\" content=\"https:\/\/muovipoli.fi\/wp-content\/uploads\/2024\/11\/muovipoli_yritys_banneri.jpg?wsr\" \/>\n\t<meta property=\"og:image:width\" content=\"2600\" \/>\n\t<meta property=\"og:image:height\" content=\"767\" \/>\n\t<meta property=\"og:image:type\" content=\"image\/jpeg\" \/>\n<meta name=\"twitter:card\" content=\"summary_large_image\" \/>\n<meta name=\"twitter:label1\" content=\"Estimated reading time\" \/>\n\t<meta name=\"twitter:data1\" content=\"3 minutes\" \/>\n<script type=\"application\/ld+json\" class=\"yoast-schema-graph\">{\"@context\":\"https:\\\/\\\/schema.org\",\"@graph\":[{\"@type\":\"WebPage\",\"@id\":\"https:\\\/\\\/muovipoli.fi\\\/yritys\\\/\",\"url\":\"https:\\\/\\\/muovipoli.fi\\\/yritys\\\/\",\"name\":\"Yritys - Muovipoli\",\"isPartOf\":{\"@id\":\"https:\\\/\\\/muovipoli.fi\\\/#website\"},\"primaryImageOfPage\":{\"@id\":\"https:\\\/\\\/muovipoli.fi\\\/yritys\\\/#primaryimage\"},\"image\":{\"@id\":\"https:\\\/\\\/muovipoli.fi\\\/yritys\\\/#primaryimage\"},\"thumbnailUrl\":\"https:\\\/\\\/muovipoli.fi\\\/wp-content\\\/uploads\\\/2024\\\/11\\\/muovipoli_yritys_banneri.jpg\",\"datePublished\":\"2024-10-22T07:13:24+00:00\",\"dateModified\":\"2024-11-15T12:00:47+00:00\",\"breadcrumb\":{\"@id\":\"https:\\\/\\\/muovipoli.fi\\\/yritys\\\/#breadcrumb\"},\"inLanguage\":\"en-GB\",\"potentialAction\":[{\"@type\":\"ReadAction\",\"target\":[\"https:\\\/\\\/muovipoli.fi\\\/yritys\\\/\"]}]},{\"@type\":\"ImageObject\",\"inLanguage\":\"en-GB\",\"@id\":\"https:\\\/\\\/muovipoli.fi\\\/yritys\\\/#primaryimage\",\"url\":\"https:\\\/\\\/muovipoli.fi\\\/wp-content\\\/uploads\\\/2024\\\/11\\\/muovipoli_yritys_banneri.jpg\",\"contentUrl\":\"https:\\\/\\\/muovipoli.fi\\\/wp-content\\\/uploads\\\/2024\\\/11\\\/muovipoli_yritys_banneri.jpg\"},{\"@type\":\"BreadcrumbList\",\"@id\":\"https:\\\/\\\/muovipoli.fi\\\/yritys\\\/#breadcrumb\",\"itemListElement\":[{\"@type\":\"ListItem\",\"position\":1,\"name\":\"Home\",\"item\":\"https:\\\/\\\/muovipoli.fi\\\/\"},{\"@type\":\"ListItem\",\"position\":2,\"name\":\"Yritys\"}]},{\"@type\":\"WebSite\",\"@id\":\"https:\\\/\\\/muovipoli.fi\\\/#website\",\"url\":\"https:\\\/\\\/muovipoli.fi\\\/\",\"name\":\"Muovipoli\",\"description\":\"Huomisen innovaatioita muoveja k\u00e4ytt\u00e4v\u00e4lle teollisuudelle\",\"publisher\":{\"@id\":\"https:\\\/\\\/muovipoli.fi\\\/#organization\"},\"potentialAction\":[{\"@type\":\"SearchAction\",\"target\":{\"@type\":\"EntryPoint\",\"urlTemplate\":\"https:\\\/\\\/muovipoli.fi\\\/?s={search_term_string}\"},\"query-input\":{\"@type\":\"PropertyValueSpecification\",\"valueRequired\":true,\"valueName\":\"search_term_string\"}}],\"inLanguage\":\"en-GB\"},{\"@type\":\"Organization\",\"@id\":\"https:\\\/\\\/muovipoli.fi\\\/#organization\",\"name\":\"Muovipoli\",\"url\":\"https:\\\/\\\/muovipoli.fi\\\/\",\"logo\":{\"@type\":\"ImageObject\",\"inLanguage\":\"en-GB\",\"@id\":\"https:\\\/\\\/muovipoli.fi\\\/#\\\/schema\\\/logo\\\/image\\\/\",\"url\":\"https:\\\/\\\/muovipoli.fi\\\/wp-content\\\/uploads\\\/2024\\\/10\\\/muovipoli_logo.png?wsr\",\"contentUrl\":\"https:\\\/\\\/muovipoli.fi\\\/wp-content\\\/uploads\\\/2024\\\/10\\\/muovipoli_logo.png?wsr\",\"width\":540,\"height\":91,\"caption\":\"Muovipoli\"},\"image\":{\"@id\":\"https:\\\/\\\/muovipoli.fi\\\/#\\\/schema\\\/logo\\\/image\\\/\"}}]}<\/script>\n<!-- \/ Yoast SEO plugin. -->","yoast_head_json":{"title":"Yritys - Muovipoli","robots":{"index":"index","follow":"follow","max-snippet":"max-snippet:-1","max-image-preview":"max-image-preview:large","max-video-preview":"max-video-preview:-1"},"canonical":"https:\/\/muovipoli.fi\/en\/company\/","og_locale":"en_GB","og_type":"article","og_title":"Yritys - Muovipoli","og_description":"Muovien kest\u00e4v\u00e4n k\u00e4yt\u00f6n asiantuntija Muovipoli Oy perustettiin 1998 tukemaan suomalaisen muoviteollisuuden kehityst\u00e4. T\u00e4n\u00e4\u00e4n teemme tiivist\u00e4 yhteisty\u00f6t\u00e4 muovin kest\u00e4v\u00e4n k\u00e4yt\u00f6n ja kierr\u00e4tysinnovaatioiden edist\u00e4miseksi erilaisissa asiakasprojekteissa ja yhteisty\u00f6hankkeissa. Yrityksemme sijaitsee Lahdessa, jonne on keskittynyt paljon muovialan teollisuutta. Asiakkaamme ovat p\u00e4\u00e4asiassa kotimaisia muovituotevalmistajia tai muovikomponentteja k\u00e4ytt\u00e4vi\u00e4 kone- ja laitevalmistajia. Liikevaihtomme koostuu l\u00e4hes kokonaan suorasta palvelumyynnist\u00e4 teollisuudelle. Palvelemme niin ... Read more","og_url":"https:\/\/muovipoli.fi\/en\/company\/","og_site_name":"Muovipoli","article_modified_time":"2024-11-15T12:00:47+00:00","og_image":[{"width":2600,"height":767,"url":"https:\/\/muovipoli.fi\/wp-content\/uploads\/2024\/11\/muovipoli_yritys_banneri.jpg?wsr","type":"image\/jpeg"}],"twitter_card":"summary_large_image","twitter_misc":{"Estimated reading time":"3 minutes"},"schema":{"@context":"https:\/\/schema.org","@graph":[{"@type":"WebPage","@id":"https:\/\/muovipoli.fi\/yritys\/","url":"https:\/\/muovipoli.fi\/yritys\/","name":"Yritys - Muovipoli","isPartOf":{"@id":"https:\/\/muovipoli.fi\/#website"},"primaryImageOfPage":{"@id":"https:\/\/muovipoli.fi\/yritys\/#primaryimage"},"image":{"@id":"https:\/\/muovipoli.fi\/yritys\/#primaryimage"},"thumbnailUrl":"https:\/\/muovipoli.fi\/wp-content\/uploads\/2024\/11\/muovipoli_yritys_banneri.jpg","datePublished":"2024-10-22T07:13:24+00:00","dateModified":"2024-11-15T12:00:47+00:00","breadcrumb":{"@id":"https:\/\/muovipoli.fi\/yritys\/#breadcrumb"},"inLanguage":"en-GB","potentialAction":[{"@type":"ReadAction","target":["https:\/\/muovipoli.fi\/yritys\/"]}]},{"@type":"ImageObject","inLanguage":"en-GB","@id":"https:\/\/muovipoli.fi\/yritys\/#primaryimage","url":"https:\/\/muovipoli.fi\/wp-content\/uploads\/2024\/11\/muovipoli_yritys_banneri.jpg","contentUrl":"https:\/\/muovipoli.fi\/wp-content\/uploads\/2024\/11\/muovipoli_yritys_banneri.jpg"},{"@type":"BreadcrumbList","@id":"https:\/\/muovipoli.fi\/yritys\/#breadcrumb","itemListElement":[{"@type":"ListItem","position":1,"name":"Home","item":"https:\/\/muovipoli.fi\/"},{"@type":"ListItem","position":2,"name":"Yritys"}]},{"@type":"WebSite","@id":"https:\/\/muovipoli.fi\/#website","url":"https:\/\/muovipoli.fi\/","name":"Muovipoli","description":"Huomisen innovaatioita muoveja k\u00e4ytt\u00e4v\u00e4lle teollisuudelle","publisher":{"@id":"https:\/\/muovipoli.fi\/#organization"},"potentialAction":[{"@type":"SearchAction","target":{"@type":"EntryPoint","urlTemplate":"https:\/\/muovipoli.fi\/?s={search_term_string}"},"query-input":{"@type":"PropertyValueSpecification","valueRequired":true,"valueName":"search_term_string"}}],"inLanguage":"en-GB"},{"@type":"Organization","@id":"https:\/\/muovipoli.fi\/#organization","name":"Muovipoli","url":"https:\/\/muovipoli.fi\/","logo":{"@type":"ImageObject","inLanguage":"en-GB","@id":"https:\/\/muovipoli.fi\/#\/schema\/logo\/image\/","url":"https:\/\/muovipoli.fi\/wp-content\/uploads\/2024\/10\/muovipoli_logo.png?wsr","contentUrl":"https:\/\/muovipoli.fi\/wp-content\/uploads\/2024\/10\/muovipoli_logo.png?wsr","width":540,"height":91,"caption":"Muovipoli"},"image":{"@id":"https:\/\/muovipoli.fi\/#\/schema\/logo\/image\/"}}]}},"_links":{"self":[{"href":"https:\/\/muovipoli.fi\/en\/wp-json\/wp\/v2\/pages\/97","targetHints":{"allow":["GET"]}}],"collection":[{"href":"https:\/\/muovipoli.fi\/en\/wp-json\/wp\/v2\/pages"}],"about":[{"href":"https:\/\/muovipoli.fi\/en\/wp-json\/wp\/v2\/types\/page"}],"author":[{"embeddable":true,"href":"https:\/\/muovipoli.fi\/en\/wp-json\/wp\/v2\/users\/1"}],"replies":[{"embeddable":true,"href":"https:\/\/muovipoli.fi\/en\/wp-json\/wp\/v2\/comments?post=97"}],"version-history":[{"count":37,"href":"https:\/\/muovipoli.fi\/en\/wp-json\/wp\/v2\/pages\/97\/revisions"}],"predecessor-version":[{"id":1249,"href":"https:\/\/muovipoli.fi\/en\/wp-json\/wp\/v2\/pages\/97\/revisions\/1249"}],"wp:attachment":[{"href":"https:\/\/muovipoli.fi\/en\/wp-json\/wp\/v2\/media?parent=97"}],"curies":[{"name":"wp","href":"https:\/\/api.w.org\/{rel}","templated":true}]}}